{"id":11262,"date":"2024-10-07T19:28:15","date_gmt":"2024-10-07T19:28:15","guid":{"rendered":"https:\/\/iecatlantaga.org\/contractors-copy\/"},"modified":"2024-12-17T20:54:05","modified_gmt":"2024-12-17T20:54:05","slug":"instructores","status":"publish","type":"page","link":"https:\/\/iecatlantaga.org\/es\/instructors\/","title":{"rendered":"Instructores"},"content":{"rendered":"<!--themify_builder_content-->\n<div id=\"themify_builder_content-11262\" data-postid=\"11262\" class=\"themify_builder_content themify_builder_content-11262 themify_builder tf_clear\">\n                    <div  data-css_id=\"1sw8770\" data-lazy=\"1\" class=\"module_row themify_builder_row main-banner fullwidth tb_1sw8770 tb_first tf_w\">\n            <span  class=\"builder_row_cover tf_abs\" data-lazy=\"1\"><\/span>            <div class=\"row_inner col_align_top tb_col_count_1 tf_box tf_rel\">\n                        <div  data-lazy=\"1\" class=\"module_column tb-column col-full tb_qp73007 first\">\n                    <!-- module text -->\n<div  class=\"module module-text tb_9uxf845\" data-lazy=\"1\">\n        <div  class=\"tb_text_wrap\">\n        <h1 style=\"text-align: center;\">Instructores<\/h1>\n<h3 style=\"text-align: center;\"><span data-teams=\"true\"><span class=\"ui-provider a b c d e f g h i j k l m n o p q r s t u v w x y z ab ac ae af ag ah ai aj ak\" dir=\"ltr\">\u00bfDesea compartir sus conocimientos y obtener ingresos adicionales? Los Contratistas El\u00e9ctricos Independientes (IEC) de Atlanta y Georgia ofrecen la oportunidad de convertirse en instructor IEC.<\/span><\/span><\/h3>    <\/div>\n<\/div>\n<!-- \/module text --><!-- module buttons -->\n<div  class=\"module module-buttons tb_rfsw040 buttons-horizontal solid  large squared\" data-lazy=\"1\">\n        <div class=\"module-buttons-item tf_in_flx\">\n                        <a href=\"https:\/\/l.ead.me\/InstrReferral2024\" class=\"ui builder_button tf_in_flx black\" target=\"_blank\" rel=\"noopener\">\n                                                Formulario de inter\u00e9s para instructores                                        <\/a>\n                <\/div>\n            <\/div>\n<!-- \/module buttons -->\n        <\/div>\n                        <\/div>\n        <\/div>\n                        <div  data-css_id=\"hvu7700\" data-lazy=\"1\" class=\"module_row themify_builder_row fullwidth_row_container tb_hvu7700 tf_w\">\n                        <div class=\"row_inner col_align_top tb_col_count_2 tf_box tf_rel\">\n                        <div  data-lazy=\"1\" class=\"module_column tb-column col3-1 tb_29vf788 first\">\n                    <!-- module text -->\n<div  class=\"module module-text tb_w3ti071\" data-lazy=\"1\">\n        <div  class=\"tb_text_wrap\">\n        <h1 style=\"text-align: center;\">Instructores<\/h1>\n<p style=\"text-align: center;\">HAGA CLIC A CONTINUACI\u00d3N Y VEA <br>C\u00d3MO LE AYUDA EL IEC A CONVERTIRSE EN INSTRUCTOR<\/p>\n<p style=\"text-align: center;\"><a href=\"https:\/\/youtu.be\/LOha1BsZRuM\">Nuevo Instructor<\/a><\/p>\n<p style=\"text-align: center;\"><a href=\"https:\/\/youtu.be\/DkiL6M-3JPY?si=VWRcZNMab6RbMeeJ\">Instructor femenino<\/a><\/p>\n<p style=\"text-align: center;\"><a href=\"https:\/\/youtu.be\/1oevvV2C-AM\">Instructor con experiencia<\/a><\/p>    <\/div>\n<\/div>\n<!-- \/module text -->        <\/div>\n                    <div  data-lazy=\"1\" class=\"module_column tb-column col3-2 tb_kxe2033 last\">\n                    <!-- module text -->\n<div  class=\"module module-text tb_0294009\" data-lazy=\"1\">\n        <div  class=\"tb_text_wrap\">\n        <p>Al comprometerse a tan s\u00f3lo 4hrs hasta 40 horas al mes, usted puede ganar un adicional de hasta $1,000 mensual, mientras que el mantenimiento de un horario flexible, la obtenci\u00f3n de cr\u00e9ditos CEU, y mantener sus habilidades. No es necesaria experiencia previa en la ense\u00f1anza, ya que se proporciona formaci\u00f3n completa y recursos. Una vez certificados, los instructores pueden ganar $45+ por hora.<\/p>\n<p>No se requiere experiencia previa en la ense\u00f1anza, ya que se proporciona una completa formaci\u00f3n de instructores y recursos. Con 8 lugares convenientes para elegir-Atlanta, Augusta, Columbus, Conyers, Kennesaw, Macon, Savannah, y Union City-o la opci\u00f3n de ense\u00f1ar en l\u00ednea, esta oportunidad es a la vez flexible y gratificante. D\u00e9 el siguiente paso en su carrera compartiendo lo que sabe y uni\u00e9ndose al equipo de IEC hoy mismo.<\/p>    <\/div>\n<\/div>\n<!-- \/module text -->        <\/div>\n                        <\/div>\n        <\/div>\n        <\/div>\n<!--\/themify_builder_content-->","protected":false},"excerpt":{"rendered":"<p>\u00bfDesea compartir sus conocimientos y obtener ingresos adicionales? Los Contratistas El\u00e9ctricos Independientes (IEC) de Atlanta y Georgia ofrecen la oportunidad de convertirse en instructor IEC.<\/p>","protected":false},"author":1,"featured_media":0,"parent":0,"menu_order":0,"comment_status":"closed","ping_status":"closed","template":"","meta":{"footnotes":""},"class_list":["post-11262","page","type-page","status-publish","hentry","has-post-title","has-post-date","has-post-category","has-post-tag","has-post-comment","has-post-author",""],"yoast_head":"<!-- This site is optimized with the Yoast SEO plugin v27.2 - https:\/\/yoast.com\/product\/yoast-seo-wordpress\/ -->\n<title>Contractor Advocacy Programs | IEC Atlanta &amp; Georgia Chapters<\/title>\n<meta name=\"description\" content=\"The IEC Atlanta &amp; Georgia Chapter Offers Membership For a Contractors in the Nationwide Network of Over 2,500 strong. Learn More and Join Today!\" \/>\n<meta name=\"robots\" content=\"index, follow, max-snippet:-1, max-image-preview:large, max-video-preview:-1\" \/>\n<link rel=\"canonical\" href=\"https:\/\/iecatlantaga.org\/es\/instructores\/\" \/>\n<meta property=\"og:locale\" content=\"es_ES\" \/>\n<meta property=\"og:type\" content=\"article\" \/>\n<meta property=\"og:title\" content=\"Contractor Advocacy Programs | IEC Atlanta &amp; Georgia Chapters\" \/>\n<meta property=\"og:description\" content=\"The IEC Atlanta &amp; Georgia Chapter Offers Membership For a Contractors in the Nationwide Network of Over 2,500 strong. Learn More and Join Today!\" \/>\n<meta property=\"og:url\" content=\"https:\/\/iecatlantaga.org\/es\/instructores\/\" \/>\n<meta property=\"og:site_name\" content=\"IEC Atlanta &amp; Georgia Chapters\" \/>\n<meta property=\"article:publisher\" content=\"https:\/\/www.facebook.com\/IEC.Atlanta.Georgia\/\" \/>\n<meta property=\"article:modified_time\" content=\"2024-12-17T20:54:05+00:00\" \/>\n<meta name=\"twitter:card\" content=\"summary_large_image\" \/>\n<meta name=\"twitter:site\" content=\"@atl_ga_electric\" \/>\n<meta name=\"twitter:label1\" content=\"Tiempo de lectura\" \/>\n\t<meta name=\"twitter:data1\" content=\"2 minutos\" \/>\n<script type=\"application\/ld+json\" class=\"yoast-schema-graph\">{\"@context\":\"https:\/\/schema.org\",\"@graph\":[{\"@type\":\"WebPage\",\"@id\":\"https:\/\/iecatlantaga.org\/instructors\/\",\"url\":\"https:\/\/iecatlantaga.org\/instructors\/\",\"name\":\"Contractor Advocacy Programs | IEC Atlanta & Georgia Chapters\",\"isPartOf\":{\"@id\":\"https:\/\/iecatlantaga.org\/#website\"},\"datePublished\":\"2024-10-07T19:28:15+00:00\",\"dateModified\":\"2024-12-17T20:54:05+00:00\",\"description\":\"The IEC Atlanta & Georgia Chapter Offers Membership For a Contractors in the Nationwide Network of Over 2,500 strong. Learn More and Join Today!\",\"breadcrumb\":{\"@id\":\"https:\/\/iecatlantaga.org\/instructors\/#breadcrumb\"},\"inLanguage\":\"es\",\"potentialAction\":[{\"@type\":\"ReadAction\",\"target\":[\"https:\/\/iecatlantaga.org\/instructors\/\"]}]},{\"@type\":\"BreadcrumbList\",\"@id\":\"https:\/\/iecatlantaga.org\/instructors\/#breadcrumb\",\"itemListElement\":[{\"@type\":\"ListItem\",\"position\":1,\"name\":\"Home\",\"item\":\"https:\/\/iecatlantaga.org\/\"},{\"@type\":\"ListItem\",\"position\":2,\"name\":\"Instructors\"}]},{\"@type\":\"WebSite\",\"@id\":\"https:\/\/iecatlantaga.org\/#website\",\"url\":\"https:\/\/iecatlantaga.org\/\",\"name\":\"IEC Atlanta &amp; Georgia Chapters\",\"description\":\"Powering Connections\",\"publisher\":{\"@id\":\"https:\/\/iecatlantaga.org\/#organization\"},\"potentialAction\":[{\"@type\":\"SearchAction\",\"target\":{\"@type\":\"EntryPoint\",\"urlTemplate\":\"https:\/\/iecatlantaga.org\/?s={search_term_string}\"},\"query-input\":{\"@type\":\"PropertyValueSpecification\",\"valueRequired\":true,\"valueName\":\"search_term_string\"}}],\"inLanguage\":\"es\"},{\"@type\":\"Organization\",\"@id\":\"https:\/\/iecatlantaga.org\/#organization\",\"name\":\"Independent Electrical Contractors - Atlanta & Georgia Chapters\",\"url\":\"https:\/\/iecatlantaga.org\/\",\"logo\":{\"@type\":\"ImageObject\",\"inLanguage\":\"es\",\"@id\":\"https:\/\/iecatlantaga.org\/#\/schema\/logo\/image\/\",\"url\":\"https:\/\/iecatlantaga.org\/wp-content\/uploads\/2019\/02\/IEC-Atlanta.png\",\"contentUrl\":\"https:\/\/iecatlantaga.org\/wp-content\/uploads\/2019\/02\/IEC-Atlanta.png\",\"width\":871,\"height\":368,\"caption\":\"Independent Electrical Contractors - Atlanta & Georgia Chapters\"},\"image\":{\"@id\":\"https:\/\/iecatlantaga.org\/#\/schema\/logo\/image\/\"},\"sameAs\":[\"https:\/\/www.facebook.com\/IEC.Atlanta.Georgia\/\",\"https:\/\/x.com\/atl_ga_electric\",\"https:\/\/www.linkedin.com\/company\/atlanta-chapter-independent-electrical-contractors\",\"https:\/\/www.instagram.com\/iecatlantaga2018\/\"]}]}<\/script>\n<!-- \/ Yoast SEO plugin. -->","yoast_head_json":{"title":"Contractor Advocacy Programs | IEC Atlanta &amp; Georgia Chapters","description":"El IEC Atlanta &amp; Georgia Chapter ofrece membres\u00eda para contratistas en la red nacional de m\u00e1s de 2.500 fuertes. Obtenga m\u00e1s informaci\u00f3n y \u00fanase hoy mismo.","robots":{"index":"index","follow":"follow","max-snippet":"max-snippet:-1","max-image-preview":"max-image-preview:large","max-video-preview":"max-video-preview:-1"},"canonical":"https:\/\/iecatlantaga.org\/es\/instructores\/","og_locale":"es_ES","og_type":"article","og_title":"Contractor Advocacy Programs | IEC Atlanta & Georgia Chapters","og_description":"The IEC Atlanta & Georgia Chapter Offers Membership For a Contractors in the Nationwide Network of Over 2,500 strong. Learn More and Join Today!","og_url":"https:\/\/iecatlantaga.org\/es\/instructores\/","og_site_name":"IEC Atlanta &amp; Georgia Chapters","article_publisher":"https:\/\/www.facebook.com\/IEC.Atlanta.Georgia\/","article_modified_time":"2024-12-17T20:54:05+00:00","twitter_card":"summary_large_image","twitter_site":"@atl_ga_electric","twitter_misc":{"Tiempo de lectura":"2 minutos"},"schema":{"@context":"https:\/\/schema.org","@graph":[{"@type":"WebPage","@id":"https:\/\/iecatlantaga.org\/instructors\/","url":"https:\/\/iecatlantaga.org\/instructors\/","name":"Contractor Advocacy Programs | IEC Atlanta &amp; Georgia Chapters","isPartOf":{"@id":"https:\/\/iecatlantaga.org\/#website"},"datePublished":"2024-10-07T19:28:15+00:00","dateModified":"2024-12-17T20:54:05+00:00","description":"El IEC Atlanta &amp; Georgia Chapter ofrece membres\u00eda para contratistas en la red nacional de m\u00e1s de 2.500 fuertes. Obtenga m\u00e1s informaci\u00f3n y \u00fanase hoy mismo.","breadcrumb":{"@id":"https:\/\/iecatlantaga.org\/instructors\/#breadcrumb"},"inLanguage":"es","potentialAction":[{"@type":"ReadAction","target":["https:\/\/iecatlantaga.org\/instructors\/"]}]},{"@type":"BreadcrumbList","@id":"https:\/\/iecatlantaga.org\/instructors\/#breadcrumb","itemListElement":[{"@type":"ListItem","position":1,"name":"Home","item":"https:\/\/iecatlantaga.org\/"},{"@type":"ListItem","position":2,"name":"Instructors"}]},{"@type":"WebSite","@id":"https:\/\/iecatlantaga.org\/#website","url":"https:\/\/iecatlantaga.org\/","name":"IEC Atlanta &amp; Georgia Chapters","description":"Conexiones de alimentaci\u00f3n","publisher":{"@id":"https:\/\/iecatlantaga.org\/#organization"},"potentialAction":[{"@type":"SearchAction","target":{"@type":"EntryPoint","urlTemplate":"https:\/\/iecatlantaga.org\/?s={search_term_string}"},"query-input":{"@type":"PropertyValueSpecification","valueRequired":true,"valueName":"search_term_string"}}],"inLanguage":"es"},{"@type":"Organization","@id":"https:\/\/iecatlantaga.org\/#organization","name":"Contratistas El\u00e9ctricos Independientes - Secciones de Atlanta y Georgia","url":"https:\/\/iecatlantaga.org\/","logo":{"@type":"ImageObject","inLanguage":"es","@id":"https:\/\/iecatlantaga.org\/#\/schema\/logo\/image\/","url":"https:\/\/iecatlantaga.org\/wp-content\/uploads\/2019\/02\/IEC-Atlanta.png","contentUrl":"https:\/\/iecatlantaga.org\/wp-content\/uploads\/2019\/02\/IEC-Atlanta.png","width":871,"height":368,"caption":"Independent Electrical Contractors - Atlanta & Georgia Chapters"},"image":{"@id":"https:\/\/iecatlantaga.org\/#\/schema\/logo\/image\/"},"sameAs":["https:\/\/www.facebook.com\/IEC.Atlanta.Georgia\/","https:\/\/x.com\/atl_ga_electric","https:\/\/www.linkedin.com\/company\/atlanta-chapter-independent-electrical-contractors","https:\/\/www.instagram.com\/iecatlantaga2018\/"]}]}},"jetpack_sharing_enabled":true,"publishpress_future_action":{"enabled":false,"date":"2026-05-04 15:28:33","action":"change-status","newStatus":"draft","terms":[],"taxonomy":"","extraData":[]},"publishpress_future_workflow_manual_trigger":{"enabledWorkflows":[]},"builder_content":"<h1 style=\"text-align: center;\">Instructors<\/h1> <h3 style=\"text-align: center;\">Looking to share your expertise and earn extra income? The Independent Electrical Contractors (IEC) of Atlanta &amp; Georgia are offering the opportunity to become an IEC instructor.<\/h3>\n<a href=\"https:\/\/l.ead.me\/InstrReferral2024\" target=\"_blank\" rel=\"noopener\"> Instructor Interest Form <\/a>\n<h1 style=\"text-align: center;\">Instructors<\/h1> <p style=\"text-align: center;\">CLICK BELOW AND SEE <br>HOW IEC HELPS YOU BECOME AN INSTRUCTOR<\/p> <p style=\"text-align: center;\"><a href=\"https:\/\/youtu.be\/LOha1BsZRuM\">New Instructor<\/a><\/p> <p style=\"text-align: center;\"><a href=\"https:\/\/youtu.be\/DkiL6M-3JPY?si=VWRcZNMab6RbMeeJ\">Female Instructor<\/a><\/p> <p style=\"text-align: center;\"><a href=\"https:\/\/youtu.be\/1oevvV2C-AM\">Experienced Instructor<\/a><\/p>\n<p>By committing to as few as 4hrs up to 40 hours a month, you can earn an additional up to $1,000 monthly while maintaining flexible hours, earning CEU credits, and keeping your skills sharp. No previous teaching experience is necessary as full training and resources are provided. Once certified, instructors can earn $45+ per hour.<\/p> <p>No prior teaching experience is required, as full instructor training and resources are provided. With 8 convenient locations to choose from\u2014Atlanta, Augusta, Columbus, Conyers, Kennesaw, Macon, Savannah, and Union City\u2014or the option to teach online, this opportunity is both flexible and rewarding. Take the next step in your career by sharing what you know and joining the IEC team today!<\/p>","_links":{"self":[{"href":"https:\/\/iecatlantaga.org\/es\/wp-json\/wp\/v2\/pages\/11262","targetHints":{"allow":["GET"]}}],"collection":[{"href":"https:\/\/iecatlantaga.org\/es\/wp-json\/wp\/v2\/pages"}],"about":[{"href":"https:\/\/iecatlantaga.org\/es\/wp-json\/wp\/v2\/types\/page"}],"author":[{"embeddable":true,"href":"https:\/\/iecatlantaga.org\/es\/wp-json\/wp\/v2\/users\/1"}],"replies":[{"embeddable":true,"href":"https:\/\/iecatlantaga.org\/es\/wp-json\/wp\/v2\/comments?post=11262"}],"version-history":[{"count":36,"href":"https:\/\/iecatlantaga.org\/es\/wp-json\/wp\/v2\/pages\/11262\/revisions"}],"predecessor-version":[{"id":12131,"href":"https:\/\/iecatlantaga.org\/es\/wp-json\/wp\/v2\/pages\/11262\/revisions\/12131"}],"wp:attachment":[{"href":"https:\/\/iecatlantaga.org\/es\/wp-json\/wp\/v2\/media?parent=11262"}],"curies":[{"name":"wp","href":"https:\/\/api.w.org\/{rel}","templated":true}]}}