{"id":15335,"date":"2026-01-28T17:35:19","date_gmt":"2026-01-28T17:35:19","guid":{"rendered":"https:\/\/iecatlantaga.org\/apprenticeship-copy-copy\/"},"modified":"2026-01-31T00:47:25","modified_gmt":"2026-01-31T00:47:25","slug":"solicitante-wo-contratista","status":"publish","type":"page","link":"https:\/\/iecatlantaga.org\/es\/applicant-wo-contractor\/","title":{"rendered":"Solicitante sin contratista"},"content":{"rendered":"<!--themify_builder_content-->\n<div id=\"themify_builder_content-15335\" data-postid=\"15335\" class=\"themify_builder_content themify_builder_content-15335 themify_builder tf_clear\">\n                    <div  data-css_id=\"ogd2705\" data-lazy=\"1\" class=\"module_row themify_builder_row main-banner fullwidth tb_ogd2705 tb_first tf_w\">\n                        <div class=\"row_inner col_align_top tb_col_count_1 tf_box tf_rel\">\n                        <div  data-lazy=\"1\" class=\"module_column tb-column col-full tb_mznm558 first\">\n                    <!-- module text -->\n<div  class=\"module module-text tb_j90u020   \" data-lazy=\"1\">\n        <div  class=\"tb_text_wrap\">\n        <h1 style=\"text-align: center;\">Finding Your Employer With IEC<\/h1>\n<h3 style=\"text-align: center;\">Application Process<\/h3>    <\/div>\n<\/div>\n<!-- \/module text -->        <\/div>\n                        <\/div>\n        <\/div>\n                        <div  data-css_id=\"urvn353\" data-lazy=\"1\" class=\"module_row themify_builder_row fullwidth tb_urvn353 tf_w\">\n                        <div class=\"row_inner col_align_top tb_col_count_1 tf_box tf_rel\">\n                        <div  data-lazy=\"1\" class=\"module_column tb-column col-full tb_9jyo520 first\">\n        <span  class=\"builder_row_cover tf_abs\" data-lazy=\"1\"><\/span>            <!-- module video -->\n<div  class=\"module module-video tb_yztf008 video-left  \" data-lazy=\"1\">\n                    <div class=\"video-wrap-outer\">\n            <div class=\"video-wrap tf_rel tf_overflow tf_local_video\">\n                \n                    \n                    <div style=\"width: 640px;\" class=\"wp-video\"><!--[if lt IE 9]><script>document.createElement('video');<\/script><![endif]-->\n<video class=\"wp-video-shortcode\" id=\"video-15335-1\" width=\"640\" height=\"360\" preload=\"metadata\" controls=\"controls\"><source type=\"video\/mp4\" src=\"https:\/\/iecatlantaga.org\/wp-content\/uploads\/2026\/01\/Video-1-NWC.mp4?_=1\" \/><a href=\"https:\/\/iecatlantaga.org\/wp-content\/uploads\/2026\/01\/Video-1-NWC.mp4\">https:\/\/iecatlantaga.org\/wp-content\/uploads\/2026\/01\/Video-1-NWC.mp4<\/a><\/video><\/div>\n                    \n                                <\/div>\n            <!-- \/video-wrap -->\n        <\/div>\n        <!-- \/video-wrap-outer -->\n                    <div class=\"video-content\">\n                                    <h2 class=\"video-title\">\n                                            Step 1: Complete the Request for Information Form                                        <\/h2>\n                \n                                    <div class=\"video-caption tb_text_wrap\">\n                        The first step in the application process is to complete the Request for Information Google form, which can be found via a link at the bottom of the current web page. On this form, you will provide &#8220;IEC&#8221; with basic information such as your name, email, phone number, county, and state of residence.                    <\/div>\n                    <!-- \/video-caption -->\n                            <\/div>\n            <!-- \/video-content -->\n            <\/div>\n<!-- module video -->\n<div  class=\"module module-video tb_rxez14 video-left  \" data-lazy=\"1\">\n                    <div class=\"video-wrap-outer\">\n            <div class=\"video-wrap tf_rel tf_overflow tf_local_video\">\n                \n                    \n                    <div style=\"width: 640px;\" class=\"wp-video\"><video class=\"wp-video-shortcode\" id=\"video-15335-2\" width=\"640\" height=\"360\" preload=\"metadata\" controls=\"controls\"><source type=\"video\/mp4\" src=\"https:\/\/iecatlantaga.org\/wp-content\/uploads\/2026\/01\/Video-2-NWC.mp4?_=2\" \/><a href=\"https:\/\/iecatlantaga.org\/wp-content\/uploads\/2026\/01\/Video-2-NWC.mp4\">https:\/\/iecatlantaga.org\/wp-content\/uploads\/2026\/01\/Video-2-NWC.mp4<\/a><\/video><\/div>\n                    \n                                <\/div>\n            <!-- \/video-wrap -->\n        <\/div>\n        <!-- \/video-wrap-outer -->\n                    <div class=\"video-content\">\n                                    <h2 class=\"video-title\">\n                                            Step 2: Attend a Workforce Event                                        <\/h2>\n                \n                                    <div class=\"video-caption tb_text_wrap\">\n                        Before moving forward with the application process, applicants must attend at least one of IEC&#8217;s workforce events. Applicants can choose to attend one of the following: an open house, an online information session, or a work readiness seminar.                    <\/div>\n                    <!-- \/video-caption -->\n                            <\/div>\n            <!-- \/video-content -->\n            <\/div>\n<!-- module video -->\n<div  class=\"module module-video tb_wqv831 video-left  \" data-lazy=\"1\">\n                    <div class=\"video-wrap-outer\">\n            <div class=\"video-wrap tf_rel tf_overflow tf_local_video\">\n                \n                    \n                    <div style=\"width: 640px;\" class=\"wp-video\"><video class=\"wp-video-shortcode\" id=\"video-15335-3\" width=\"640\" height=\"360\" preload=\"metadata\" controls=\"controls\"><source type=\"video\/mp4\" src=\"https:\/\/iecatlantaga.org\/wp-content\/uploads\/2026\/01\/Video-3-NWC.mp4?_=3\" \/><a href=\"https:\/\/iecatlantaga.org\/wp-content\/uploads\/2026\/01\/Video-3-NWC.mp4\">https:\/\/iecatlantaga.org\/wp-content\/uploads\/2026\/01\/Video-3-NWC.mp4<\/a><\/video><\/div>\n                    \n                                <\/div>\n            <!-- \/video-wrap -->\n        <\/div>\n        <!-- \/video-wrap-outer -->\n                    <div class=\"video-content\">\n                                    <h2 class=\"video-title\">\n                                            Step 3: Complete the Online Math Assessment                                        <\/h2>\n                \n                                    <div class=\"video-caption tb_text_wrap\">\n                        Before enrolling in the apprenticeship program, applicants must complete an online math assessment using a system called FlexiQuiz. The assessment covers basic algebra and must be completed in 30 minutes.                    <\/div>\n                    <!-- \/video-caption -->\n                            <\/div>\n            <!-- \/video-content -->\n            <\/div>\n<!-- module video -->\n<div  class=\"module module-video tb_0hxt146 video-left  \" data-lazy=\"1\">\n                    <div class=\"video-wrap-outer\">\n            <div class=\"video-wrap tf_rel tf_overflow tf_local_video\">\n                \n                    \n                    <div style=\"width: 640px;\" class=\"wp-video\"><video class=\"wp-video-shortcode\" id=\"video-15335-4\" width=\"640\" height=\"360\" preload=\"metadata\" controls=\"controls\"><source type=\"video\/mp4\" src=\"https:\/\/iecatlantaga.org\/wp-content\/uploads\/2026\/01\/Video-4-NWC.mp4?_=4\" \/><a href=\"https:\/\/iecatlantaga.org\/wp-content\/uploads\/2026\/01\/Video-4-NWC.mp4\">https:\/\/iecatlantaga.org\/wp-content\/uploads\/2026\/01\/Video-4-NWC.mp4<\/a><\/video><\/div>\n                    \n                                <\/div>\n            <!-- \/video-wrap -->\n        <\/div>\n        <!-- \/video-wrap-outer -->\n                    <div class=\"video-content\">\n                                    <h2 class=\"video-title\">\n                                            Step 4: Complete Portfolio for Trade Scouts                                        <\/h2>\n                \n                                    <div class=\"video-caption tb_text_wrap\">\n                        Before becoming a registered apprentice with the Department of Labor, you must first find employment with an Independent Electrical Contractors (IEC) contractor member. The IEC aids in this by inviting you to use a job board called Trade Scouts to complete the onboarding process.                     <\/div>\n                    <!-- \/video-caption -->\n                            <\/div>\n            <!-- \/video-content -->\n            <\/div>\n<!-- module video -->\n<div  class=\"module module-video tb_of7s628 video-left  \" data-lazy=\"1\">\n                    <div class=\"video-wrap-outer\">\n            <div class=\"video-wrap tf_rel tf_overflow tf_local_video\">\n                \n                    \n                    <div style=\"width: 640px;\" class=\"wp-video\"><video class=\"wp-video-shortcode\" id=\"video-15335-5\" width=\"640\" height=\"360\" preload=\"metadata\" controls=\"controls\"><source type=\"video\/mp4\" src=\"https:\/\/iecatlantaga.org\/wp-content\/uploads\/2026\/01\/Video-5-NWC.mp4?_=5\" \/><a href=\"https:\/\/iecatlantaga.org\/wp-content\/uploads\/2026\/01\/Video-5-NWC.mp4\">https:\/\/iecatlantaga.org\/wp-content\/uploads\/2026\/01\/Video-5-NWC.mp4<\/a><\/video><\/div>\n                    \n                                <\/div>\n            <!-- \/video-wrap -->\n        <\/div>\n        <!-- \/video-wrap-outer -->\n                    <div class=\"video-content\">\n                                    <h2 class=\"video-title\">\n                                            Step 5: Contact IEC After Finding Employment                                        <\/h2>\n                \n                                    <div class=\"video-caption tb_text_wrap\">\n                        If you find employment with an IEC contractor member, you should contact IEC within 24 hours. An IEC staff member will then tell you the next steps.                    <\/div>\n                    <!-- \/video-caption -->\n                            <\/div>\n            <!-- \/video-content -->\n            <\/div>\n<!-- module divider -->\n<div  class=\"module tf_mw module-divider tb_3zwm940 solid   \" style=\"border-width: 1px;border-color: #000;margin-top: 20px;margin-bottom: 20px;\" data-lazy=\"1\">\n    <\/div>\n<!-- \/module divider -->\n<!-- module link_block -->\n<div  class=\"module module-link-block tb_q96f653 icon-center solid \" data-lazy=\"1\">\n        <a target=\"_blank\" rel=\"noopener\" href=\"https:\/\/docs.google.com\/forms\/d\/e\/1FAIpQLSfxa1Aps1l94zj59yZE6mF5UUVsKZUE-x9Ao3Rxdw8CU6sSQQ\/viewform?usp=headerhttps:\/\/docs.google.com\/forms\/d\/e\/1FAIpQLSfxa1Aps1l94zj59yZE6mF5UUVsKZUE-x9Ao3Rxdw8CU6sSQQ\/viewform?usp=header\" class=\"tb_link_block_container ui black rounded\">\n\n        \n        <div class=\"tf-lb-content\">\n                            <div class=\"tb_link_block_heading\">Request for IEC Apprenticeship Program Information Here<\/div>\n                                        <div class=\"tb_link_block_blurb\">Upon completion of classroom and job training, graduates will receive a Journey-Person Certification that is acknowledged in all 50 states.<\/div>\n                    <\/div>\n\n    <\/a>\n<\/div>\n<!-- \/module buttons -->\n        <\/div>\n                        <\/div>\n        <\/div>\n                        <div  data-lazy=\"1\" class=\"module_row themify_builder_row tb_xxei140 tf_w\">\n                        <div class=\"row_inner col_align_top tb_col_count_1 tf_box tf_rel\">\n                        <div  data-lazy=\"1\" class=\"module_column tb-column col-full tb_0rbz140 first\">\n                            <\/div>\n                        <\/div>\n        <\/div>\n        <\/div>\n<!--\/themify_builder_content-->","protected":false},"excerpt":{"rendered":"<p>Finding Your Employer With IEC Application Process<\/p>","protected":false},"author":1,"featured_media":0,"parent":0,"menu_order":0,"comment_status":"closed","ping_status":"closed","template":"","meta":{"footnotes":""},"class_list":["post-15335","page","type-page","status-publish","hentry","has-post-title","has-post-date","has-post-category","has-post-tag","has-post-comment","has-post-author",""],"yoast_head":"<!-- This site is optimized with the Yoast SEO plugin v27.2 - https:\/\/yoast.com\/product\/yoast-seo-wordpress\/ -->\n<title>Apprenticeship Program | IEC Atlanta &amp; Georgia Chapters<\/title>\n<meta name=\"description\" content=\"The IEC Atlanta &amp; Georgia Chapter Offers Apprenticeships For Rising Electrical Contractors To Grow Their Craft. Learn More About This Program.\" \/>\n<meta name=\"robots\" content=\"index, follow, max-snippet:-1, max-image-preview:large, max-video-preview:-1\" \/>\n<link rel=\"canonical\" href=\"https:\/\/iecatlantaga.org\/es\/solicitante-wo-contratista\/\" \/>\n<meta property=\"og:locale\" content=\"es_ES\" \/>\n<meta property=\"og:type\" content=\"article\" \/>\n<meta property=\"og:title\" content=\"Apprenticeship Program | IEC Atlanta &amp; Georgia Chapters\" \/>\n<meta property=\"og:description\" content=\"The IEC Atlanta &amp; Georgia Chapter Offers Apprenticeships For Rising Electrical Contractors To Grow Their Craft. Learn More About This Program.\" \/>\n<meta property=\"og:url\" content=\"https:\/\/iecatlantaga.org\/es\/solicitante-wo-contratista\/\" \/>\n<meta property=\"og:site_name\" content=\"IEC Atlanta &amp; Georgia Chapters\" \/>\n<meta property=\"article:publisher\" content=\"https:\/\/www.facebook.com\/IEC.Atlanta.Georgia\/\" \/>\n<meta property=\"article:modified_time\" content=\"2026-01-31T00:47:25+00:00\" \/>\n<meta name=\"twitter:card\" content=\"summary_large_image\" \/>\n<meta name=\"twitter:site\" content=\"@atl_ga_electric\" \/>\n<meta name=\"twitter:label1\" content=\"Tiempo de lectura\" \/>\n\t<meta name=\"twitter:data1\" content=\"1 minuto\" \/>\n<script type=\"application\/ld+json\" class=\"yoast-schema-graph\">{\"@context\":\"https:\/\/schema.org\",\"@graph\":[{\"@type\":\"WebPage\",\"@id\":\"https:\/\/iecatlantaga.org\/applicant-wo-contractor\/\",\"url\":\"https:\/\/iecatlantaga.org\/applicant-wo-contractor\/\",\"name\":\"Apprenticeship Program | IEC Atlanta & Georgia Chapters\",\"isPartOf\":{\"@id\":\"https:\/\/iecatlantaga.org\/#website\"},\"datePublished\":\"2026-01-28T17:35:19+00:00\",\"dateModified\":\"2026-01-31T00:47:25+00:00\",\"description\":\"The IEC Atlanta & Georgia Chapter Offers Apprenticeships For Rising Electrical Contractors To Grow Their Craft. Learn More About This Program.\",\"breadcrumb\":{\"@id\":\"https:\/\/iecatlantaga.org\/applicant-wo-contractor\/#breadcrumb\"},\"inLanguage\":\"es\",\"potentialAction\":[{\"@type\":\"ReadAction\",\"target\":[\"https:\/\/iecatlantaga.org\/applicant-wo-contractor\/\"]}]},{\"@type\":\"BreadcrumbList\",\"@id\":\"https:\/\/iecatlantaga.org\/applicant-wo-contractor\/#breadcrumb\",\"itemListElement\":[{\"@type\":\"ListItem\",\"position\":1,\"name\":\"Home\",\"item\":\"https:\/\/iecatlantaga.org\/\"},{\"@type\":\"ListItem\",\"position\":2,\"name\":\"Applicant Without Contractor\"}]},{\"@type\":\"WebSite\",\"@id\":\"https:\/\/iecatlantaga.org\/#website\",\"url\":\"https:\/\/iecatlantaga.org\/\",\"name\":\"IEC Atlanta &amp; Georgia Chapters\",\"description\":\"Powering Connections\",\"publisher\":{\"@id\":\"https:\/\/iecatlantaga.org\/#organization\"},\"potentialAction\":[{\"@type\":\"SearchAction\",\"target\":{\"@type\":\"EntryPoint\",\"urlTemplate\":\"https:\/\/iecatlantaga.org\/?s={search_term_string}\"},\"query-input\":{\"@type\":\"PropertyValueSpecification\",\"valueRequired\":true,\"valueName\":\"search_term_string\"}}],\"inLanguage\":\"es\"},{\"@type\":\"Organization\",\"@id\":\"https:\/\/iecatlantaga.org\/#organization\",\"name\":\"Independent Electrical Contractors - Atlanta & Georgia Chapters\",\"url\":\"https:\/\/iecatlantaga.org\/\",\"logo\":{\"@type\":\"ImageObject\",\"inLanguage\":\"es\",\"@id\":\"https:\/\/iecatlantaga.org\/#\/schema\/logo\/image\/\",\"url\":\"https:\/\/iecatlantaga.org\/wp-content\/uploads\/2019\/02\/IEC-Atlanta.png\",\"contentUrl\":\"https:\/\/iecatlantaga.org\/wp-content\/uploads\/2019\/02\/IEC-Atlanta.png\",\"width\":871,\"height\":368,\"caption\":\"Independent Electrical Contractors - Atlanta & Georgia Chapters\"},\"image\":{\"@id\":\"https:\/\/iecatlantaga.org\/#\/schema\/logo\/image\/\"},\"sameAs\":[\"https:\/\/www.facebook.com\/IEC.Atlanta.Georgia\/\",\"https:\/\/x.com\/atl_ga_electric\",\"https:\/\/www.linkedin.com\/company\/atlanta-chapter-independent-electrical-contractors\",\"https:\/\/www.instagram.com\/iecatlantaga2018\/\"]}]}<\/script>\n<!-- \/ Yoast SEO plugin. -->","yoast_head_json":{"title":"Programa de Aprendizaje | IEC Atlanta &amp; Georgia Chapters","description":"La Secci\u00f3n de Atlanta y Georgia de la IEC ofrece programas de aprendizaje para contratistas el\u00e9ctricos en ascenso para que desarrollen su oficio. M\u00e1s informaci\u00f3n sobre este programa.","robots":{"index":"index","follow":"follow","max-snippet":"max-snippet:-1","max-image-preview":"max-image-preview:large","max-video-preview":"max-video-preview:-1"},"canonical":"https:\/\/iecatlantaga.org\/es\/solicitante-wo-contratista\/","og_locale":"es_ES","og_type":"article","og_title":"Apprenticeship Program | IEC Atlanta & Georgia Chapters","og_description":"The IEC Atlanta & Georgia Chapter Offers Apprenticeships For Rising Electrical Contractors To Grow Their Craft. Learn More About This Program.","og_url":"https:\/\/iecatlantaga.org\/es\/solicitante-wo-contratista\/","og_site_name":"IEC Atlanta &amp; Georgia Chapters","article_publisher":"https:\/\/www.facebook.com\/IEC.Atlanta.Georgia\/","article_modified_time":"2026-01-31T00:47:25+00:00","twitter_card":"summary_large_image","twitter_site":"@atl_ga_electric","twitter_misc":{"Tiempo de lectura":"1 minuto"},"schema":{"@context":"https:\/\/schema.org","@graph":[{"@type":"WebPage","@id":"https:\/\/iecatlantaga.org\/applicant-wo-contractor\/","url":"https:\/\/iecatlantaga.org\/applicant-wo-contractor\/","name":"Programa de Aprendizaje | IEC Atlanta &amp; Georgia Chapters","isPartOf":{"@id":"https:\/\/iecatlantaga.org\/#website"},"datePublished":"2026-01-28T17:35:19+00:00","dateModified":"2026-01-31T00:47:25+00:00","description":"La Secci\u00f3n de Atlanta y Georgia de la IEC ofrece programas de aprendizaje para contratistas el\u00e9ctricos en ascenso para que desarrollen su oficio. M\u00e1s informaci\u00f3n sobre este programa.","breadcrumb":{"@id":"https:\/\/iecatlantaga.org\/applicant-wo-contractor\/#breadcrumb"},"inLanguage":"es","potentialAction":[{"@type":"ReadAction","target":["https:\/\/iecatlantaga.org\/applicant-wo-contractor\/"]}]},{"@type":"BreadcrumbList","@id":"https:\/\/iecatlantaga.org\/applicant-wo-contractor\/#breadcrumb","itemListElement":[{"@type":"ListItem","position":1,"name":"Home","item":"https:\/\/iecatlantaga.org\/"},{"@type":"ListItem","position":2,"name":"Applicant Without Contractor"}]},{"@type":"WebSite","@id":"https:\/\/iecatlantaga.org\/#website","url":"https:\/\/iecatlantaga.org\/","name":"IEC Atlanta &amp; Georgia Chapters","description":"Conexiones de alimentaci\u00f3n","publisher":{"@id":"https:\/\/iecatlantaga.org\/#organization"},"potentialAction":[{"@type":"SearchAction","target":{"@type":"EntryPoint","urlTemplate":"https:\/\/iecatlantaga.org\/?s={search_term_string}"},"query-input":{"@type":"PropertyValueSpecification","valueRequired":true,"valueName":"search_term_string"}}],"inLanguage":"es"},{"@type":"Organization","@id":"https:\/\/iecatlantaga.org\/#organization","name":"Contratistas El\u00e9ctricos Independientes - Secciones de Atlanta y Georgia","url":"https:\/\/iecatlantaga.org\/","logo":{"@type":"ImageObject","inLanguage":"es","@id":"https:\/\/iecatlantaga.org\/#\/schema\/logo\/image\/","url":"https:\/\/iecatlantaga.org\/wp-content\/uploads\/2019\/02\/IEC-Atlanta.png","contentUrl":"https:\/\/iecatlantaga.org\/wp-content\/uploads\/2019\/02\/IEC-Atlanta.png","width":871,"height":368,"caption":"Independent Electrical Contractors - Atlanta & Georgia Chapters"},"image":{"@id":"https:\/\/iecatlantaga.org\/#\/schema\/logo\/image\/"},"sameAs":["https:\/\/www.facebook.com\/IEC.Atlanta.Georgia\/","https:\/\/x.com\/atl_ga_electric","https:\/\/www.linkedin.com\/company\/atlanta-chapter-independent-electrical-contractors","https:\/\/www.instagram.com\/iecatlantaga2018\/"]}]}},"jetpack_sharing_enabled":true,"publishpress_future_action":{"enabled":false,"date":"2026-04-11 05:27:41","action":"change-status","newStatus":"draft","terms":[],"taxonomy":"","extraData":[]},"publishpress_future_workflow_manual_trigger":{"enabledWorkflows":[]},"builder_content":"<h1 style=\"text-align: center;\">Finding Your Employer With IEC<\/h1> <h3 style=\"text-align: center;\">Application Process<\/h3>\n[video src=\"https:\/\/iecatlantaga.org\/wp-content\/uploads\/2026\/01\/Video-1-NWC.mp4\" width=\"1278\" height=\"720\"][\/video]\n[video src=\"https:\/\/iecatlantaga.org\/wp-content\/uploads\/2026\/01\/Video-2-NWC.mp4\" width=\"1278\" height=\"720\"][\/video]\n[video src=\"https:\/\/iecatlantaga.org\/wp-content\/uploads\/2026\/01\/Video-3-NWC.mp4\" width=\"1278\" height=\"720\"][\/video]\n[video src=\"https:\/\/iecatlantaga.org\/wp-content\/uploads\/2026\/01\/Video-4-NWC.mp4\" width=\"1278\" height=\"720\"][\/video]\n[video src=\"https:\/\/iecatlantaga.org\/wp-content\/uploads\/2026\/01\/Video-5-NWC.mp4\" width=\"1278\" height=\"720\"][\/video]\n","_links":{"self":[{"href":"https:\/\/iecatlantaga.org\/es\/wp-json\/wp\/v2\/pages\/15335","targetHints":{"allow":["GET"]}}],"collection":[{"href":"https:\/\/iecatlantaga.org\/es\/wp-json\/wp\/v2\/pages"}],"about":[{"href":"https:\/\/iecatlantaga.org\/es\/wp-json\/wp\/v2\/types\/page"}],"author":[{"embeddable":true,"href":"https:\/\/iecatlantaga.org\/es\/wp-json\/wp\/v2\/users\/1"}],"replies":[{"embeddable":true,"href":"https:\/\/iecatlantaga.org\/es\/wp-json\/wp\/v2\/comments?post=15335"}],"version-history":[{"count":29,"href":"https:\/\/iecatlantaga.org\/es\/wp-json\/wp\/v2\/pages\/15335\/revisions"}],"predecessor-version":[{"id":15508,"href":"https:\/\/iecatlantaga.org\/es\/wp-json\/wp\/v2\/pages\/15335\/revisions\/15508"}],"wp:attachment":[{"href":"https:\/\/iecatlantaga.org\/es\/wp-json\/wp\/v2\/media?parent=15335"}],"curies":[{"name":"wp","href":"https:\/\/api.w.org\/{rel}","templated":true}]}}