{"id":225,"date":"2018-10-01T14:45:02","date_gmt":"2018-10-01T14:45:02","guid":{"rendered":"https:\/\/iecatlantaga.org\/apprenticeship-copy\/"},"modified":"2021-08-26T20:47:08","modified_gmt":"2021-08-26T20:47:08","slug":"atlanta","status":"publish","type":"page","link":"https:\/\/iecatlantaga.org\/es\/apprenticeship-old\/atlanta\/","title":{"rendered":"Aprendizaje - Atlanta"},"content":{"rendered":"<!--themify_builder_content-->\n<div id=\"themify_builder_content-225\" data-postid=\"225\" class=\"themify_builder_content themify_builder_content-225 themify_builder tf_clear\">\n                    <div  data-css_id=\"b8b0a95\" data-lazy=\"1\" class=\"module_row themify_builder_row main-banner fullwidth tb_b8b0a95 tb_first tf_w\">\n            <span  class=\"builder_row_cover tf_abs\" data-lazy=\"1\"><\/span>            <div class=\"row_inner col_align_top tb_col_count_1 tf_box tf_rel\">\n                        <div  data-lazy=\"1\" class=\"module_column tb-column col-full tb_6321fc4 first\">\n                    <!-- module text -->\n<div  class=\"module module-text tb_5ce94ff  repeat\" data-lazy=\"1\">\n        <div  class=\"tb_text_wrap\">\n        <h1>Aprendizaje - Atlanta<\/h1>    <\/div>\n<\/div>\n<!-- \/module text -->        <\/div>\n                        <\/div>\n        <\/div>\n                        <div  data-css_id=\"44dc2e1\" data-lazy=\"1\" class=\"module_row themify_builder_row fullwidth_row_container tb_44dc2e1 tf_w\">\n                        <div class=\"row_inner direction_rtl col_align_top tb_col_count_2 tf_box tf_rel\">\n                        <div  data-lazy=\"1\" class=\"module_column tb-column col3-1 tb_9eacae4 first\">\n                    <!-- module text -->\n<div  class=\"module module-text tb_7368e4a  repeat\" data-lazy=\"1\">\n        <div  class=\"tb_text_wrap\">\n        <h1 style=\"text-align: center;\">EL PROGRAMA<\/h1>    <\/div>\n<\/div>\n<!-- \/module text -->        <\/div>\n                    <div  data-lazy=\"1\" class=\"module_column tb-column col3-2 tb_a17ccb5 last\">\n                    <!-- module text -->\n<div  class=\"module module-text tb_1c82383  repeat\" data-lazy=\"1\">\n        <div  class=\"tb_text_wrap\">\n        <p style=\"text-align: left;\">El programa de aprendizaje funciona de acuerdo con la Oficina de Normas de Aprendizaje del Departamento de Trabajo de Estados Unidos.  Los dos requisitos principales del programa son: un m\u00ednimo de 576 horas de formaci\u00f3n en el aula y 8.000 horas (hasta 4 a\u00f1os) de formaci\u00f3n en el puesto de trabajo.<\/p>\n<p style=\"text-align: left;\">Al finalizar la formaci\u00f3n en el aula y en el puesto de trabajo, los graduados recibir\u00e1n una certificaci\u00f3n Journey-person reconocida en los 50 estados.<\/p>\n<p style=\"text-align: left;\">*Los candidatos interesados deben poseer un diploma de escuela secundaria o GED y tener transporte confiable.<\/p>\n<p style=\"text-align: left;\"><strong>IEC Atlanta es un Empleador de Igualdad de Oportunidades y no discrimina por motivos de raza, religi\u00f3n, color, sexo, identidad de g\u00e9nero, orientaci\u00f3n sexual, edad, discapacidad f\u00edsica o mental no descalificante, origen nacional, condici\u00f3n de veterano o cualquier otro motivo cubierto por la ley correspondiente. Todos los solicitantes son aceptados en funci\u00f3n de sus cualificaciones, m\u00e9ritos y necesidades empresariales.<\/strong><br \/><strong>AA\/EEO<\/strong><\/p>\n<p><strong>**Despu\u00e9s de enviar su solicitud, recibir\u00e1 un correo electr\u00f3nico con los siguientes pasos. Comprueba tu carpeta de correo no deseado si no lo ves en tu bandeja de entrada en 24 horas**.<\/strong><\/p>    <\/div>\n<\/div>\n<!-- \/module text --><!-- module buttons -->\n<div  class=\"module module-buttons tb_1vtp128 buttons-horizontal solid  squared\" data-lazy=\"1\">\n        <div class=\"module-buttons-item tf_in_flx\">\n                        <a href=\"http:\/\/iecatlantaapplication.mypreview.site\/\" class=\"ui builder_button tf_in_flx black\" target=\"_blank\" rel=\"noopener\">\n                                                Solicitar en l\u00ednea                                        <\/a>\n                <\/div>\n            <\/div>\n<!-- \/module buttons -->\n        <\/div>\n                        <\/div>\n        <\/div>\n                        <div  data-css_id=\"ba45569\" data-lazy=\"1\" class=\"module_row themify_builder_row fullwidth_row_container tb_ba45569 tf_w\">\n                        <div class=\"row_inner direction_rtl col_align_top tb_col_count_1 tf_box tf_rel\">\n                        <div  data-lazy=\"1\" class=\"module_column tb-column col-full tb_25541c9 first\">\n                    <!-- module text -->\n<div  class=\"module module-text tb_33cfecf  repeat\" data-lazy=\"1\">\n        <div  class=\"tb_text_wrap\">\n        <h1 style=\"text-align: center;\">CREDENCIALES<\/h1>    <\/div>\n<\/div>\n<!-- \/module text -->        <div  data-lazy=\"1\" class=\"module_subrow themify_builder_sub_row tf_w gutter-none col_align_top tb_col_count_3 tb_c8a4d4e\">\n                <div  data-lazy=\"1\" class=\"module_column sub_column col3-1 tb_9093a3f first\">\n                    <!-- module counter -->\n<div  class=\"module module-counter tb_f5b5a56 size-medium  tf_textc\" data-lazy=\"1\">\n\t\t\n\t\t<div class=\"counter-chart tf_rel\">\n\t\t\t<svg class=\"tf_abs tf_w tf_h\">\n\t\t\t\t\t\t\t<circle fill=\"#222222\" class=\"module-counter-background\"><\/circle>\n\t\t\t\t\t\t<circle class=\"tb_counter_fill\" stroke=\"rgba(0,0,0,.1)\" stroke-width=\"5\"\/>\n\t\t\t<circle class=\"tb_counter_stroke\" stroke-width=\"5\" stroke=\"#d60007\" data-progress=\"100\" stroke-dasharray=\"0,10000\"\/>\n\t\t\t<\/svg>\n\t\t\t\t<div class=\"number tf_abs_c\">\n\t\t\t<span class=\"bc-timer\"\n\t\t\t\t  data-to=\"576\"\n\t\t\t\t  data-suffix=\"\"\n\t\t\t\t  data-prefix=\"\"\n\t\t\t\t  data-decimals=\"0\"\n\t\t\t\t  data-grouping=\"\"\n                                ><\/span>\n\t\t<\/div>\n\n\t\t\t\t<\/div><!-- .chart -->\n\t\n    <div class=\"counter-text\">Horas de formaci\u00f3n presencial<\/div>\n\n\t<\/div>\n<!-- \/module counter -->\n        <\/div>\n                    <div  data-lazy=\"1\" class=\"module_column sub_column col3-1 tb_71e3f61\">\n                    <!-- module counter -->\n<div  class=\"module module-counter tb_e85776b size-medium  tf_textc\" data-lazy=\"1\">\n\t\t\n\t\t<div class=\"counter-chart tf_rel\">\n\t\t\t<svg class=\"tf_abs tf_w tf_h\">\n\t\t\t\t\t\t\t<circle fill=\"#222222\" class=\"module-counter-background\"><\/circle>\n\t\t\t\t\t\t<circle class=\"tb_counter_fill\" stroke=\"rgba(0,0,0,.1)\" stroke-width=\"5\"\/>\n\t\t\t<circle class=\"tb_counter_stroke\" stroke-width=\"5\" stroke=\"#d60007\" data-progress=\"100\" stroke-dasharray=\"0,10000\"\/>\n\t\t\t<\/svg>\n\t\t\t\t<div class=\"number tf_abs_c\">\n\t\t\t<span class=\"bc-timer\"\n\t\t\t\t  data-to=\"8000\"\n\t\t\t\t  data-suffix=\"\"\n\t\t\t\t  data-prefix=\"\"\n\t\t\t\t  data-decimals=\"0\"\n\t\t\t\t  data-grouping=\"\"\n                                ><\/span>\n\t\t<\/div>\n\n\t\t\t\t<\/div><!-- .chart -->\n\t\n    <div class=\"counter-text\">Horas de formaci\u00f3n<\/div>\n\n\t<\/div>\n<!-- \/module counter -->\n        <\/div>\n                    <div  data-lazy=\"1\" class=\"module_column sub_column col3-1 tb_4ef6449 last\">\n                    <!-- module counter -->\n<div  class=\"module module-counter tb_1427d9d size-medium  tf_textc\" data-lazy=\"1\">\n\t\t\n\t\t<div class=\"counter-chart tf_rel\">\n\t\t\t<svg class=\"tf_abs tf_w tf_h\">\n\t\t\t\t\t\t\t<circle fill=\"#222222\" class=\"module-counter-background\"><\/circle>\n\t\t\t\t\t\t<circle class=\"tb_counter_fill\" stroke=\"rgba(0,0,0,.1)\" stroke-width=\"5\"\/>\n\t\t\t<circle class=\"tb_counter_stroke\" stroke-width=\"5\" stroke=\"#d60007\" data-progress=\"100\" stroke-dasharray=\"0,10000\"\/>\n\t\t\t<\/svg>\n\t\t\t\t<div class=\"number tf_abs_c\">\n\t\t\t<span class=\"bc-timer\"\n\t\t\t\t  data-to=\"50\"\n\t\t\t\t  data-suffix=\"\"\n\t\t\t\t  data-prefix=\"\"\n\t\t\t\t  data-decimals=\"0\"\n\t\t\t\t  data-grouping=\"\"\n                                ><\/span>\n\t\t<\/div>\n\n\t\t\t\t<\/div><!-- .chart -->\n\t\n    <div class=\"counter-text\">Reconocido en todos los Estados<\/div>\n\n\t<\/div>\n<!-- \/module counter -->\n        <\/div>\n                    <\/div>\n                <\/div>\n                        <\/div>\n        <\/div>\n        <\/div>\n<!--\/themify_builder_content-->","protected":false},"excerpt":{"rendered":"<p>Apprenticeship &#8211; Atlanta The apprenticeship program operates in accordance with the US Department of Labor, Office of Apprenticeship Standards.\u00a0 The two main program requirements are: minimum of 576 hours of classroom training and 8,000 hours (up to 4 years) of on the job training. Upon completion of classroom and job training, graduates will receive a [&hellip;]<\/p>\n","protected":false},"author":1,"featured_media":0,"parent":55,"menu_order":0,"comment_status":"closed","ping_status":"closed","template":"","meta":{"footnotes":""},"class_list":["post-225","page","type-page","status-publish","hentry","has-post-title","has-post-date","has-post-category","has-post-tag","has-post-comment","has-post-author",""],"yoast_head":"<!-- This site is optimized with the Yoast SEO plugin v27.2 - https:\/\/yoast.com\/product\/yoast-seo-wordpress\/ -->\n<title>Atlanta Apprenticeship | IEC Atlanta &amp; Georgia Chapters<\/title>\n<meta name=\"description\" content=\"The IEC Atlanta &amp; Georgia Chapter Offers Apprenticeships For Rising Electrical Contractors To Grow Their Craft. Learn More About Our Atlanta Program Today.\" \/>\n<meta name=\"robots\" content=\"index, follow, max-snippet:-1, max-image-preview:large, max-video-preview:-1\" \/>\n<link rel=\"canonical\" href=\"https:\/\/iecatlantaga.org\/es\/aprendizaje-antiguo\/atlanta\/\" \/>\n<meta property=\"og:locale\" content=\"es_ES\" \/>\n<meta property=\"og:type\" content=\"article\" \/>\n<meta property=\"og:title\" content=\"Atlanta Apprenticeship | IEC Atlanta &amp; Georgia Chapters\" \/>\n<meta property=\"og:description\" content=\"The IEC Atlanta &amp; Georgia Chapter Offers Apprenticeships For Rising Electrical Contractors To Grow Their Craft. Learn More About Our Atlanta Program Today.\" \/>\n<meta property=\"og:url\" content=\"https:\/\/iecatlantaga.org\/es\/aprendizaje-antiguo\/atlanta\/\" \/>\n<meta property=\"og:site_name\" content=\"IEC Atlanta &amp; Georgia Chapters\" \/>\n<meta property=\"article:publisher\" content=\"https:\/\/www.facebook.com\/IEC.Atlanta.Georgia\/\" \/>\n<meta property=\"article:modified_time\" content=\"2021-08-26T20:47:08+00:00\" \/>\n<meta name=\"twitter:card\" content=\"summary_large_image\" \/>\n<meta name=\"twitter:site\" content=\"@atl_ga_electric\" \/>\n<script type=\"application\/ld+json\" class=\"yoast-schema-graph\">{\"@context\":\"https:\/\/schema.org\",\"@graph\":[{\"@type\":\"WebPage\",\"@id\":\"https:\/\/iecatlantaga.org\/apprenticeship-old\/atlanta\/\",\"url\":\"https:\/\/iecatlantaga.org\/apprenticeship-old\/atlanta\/\",\"name\":\"Atlanta Apprenticeship | IEC Atlanta & Georgia Chapters\",\"isPartOf\":{\"@id\":\"https:\/\/iecatlantaga.org\/#website\"},\"datePublished\":\"2018-10-01T14:45:02+00:00\",\"dateModified\":\"2021-08-26T20:47:08+00:00\",\"description\":\"The IEC Atlanta & Georgia Chapter Offers Apprenticeships For Rising Electrical Contractors To Grow Their Craft. Learn More About Our Atlanta Program Today.\",\"breadcrumb\":{\"@id\":\"https:\/\/iecatlantaga.org\/apprenticeship-old\/atlanta\/#breadcrumb\"},\"inLanguage\":\"es\",\"potentialAction\":[{\"@type\":\"ReadAction\",\"target\":[\"https:\/\/iecatlantaga.org\/apprenticeship-old\/atlanta\/\"]}]},{\"@type\":\"BreadcrumbList\",\"@id\":\"https:\/\/iecatlantaga.org\/apprenticeship-old\/atlanta\/#breadcrumb\",\"itemListElement\":[{\"@type\":\"ListItem\",\"position\":1,\"name\":\"Home\",\"item\":\"https:\/\/iecatlantaga.org\/\"},{\"@type\":\"ListItem\",\"position\":2,\"name\":\"Apprenticeship old\",\"item\":\"https:\/\/iecatlantaga.org\/apprenticeship-old\/\"},{\"@type\":\"ListItem\",\"position\":3,\"name\":\"Apprenticeship &#8211; Atlanta\"}]},{\"@type\":\"WebSite\",\"@id\":\"https:\/\/iecatlantaga.org\/#website\",\"url\":\"https:\/\/iecatlantaga.org\/\",\"name\":\"IEC Atlanta &amp; Georgia Chapters\",\"description\":\"Powering Connections\",\"publisher\":{\"@id\":\"https:\/\/iecatlantaga.org\/#organization\"},\"potentialAction\":[{\"@type\":\"SearchAction\",\"target\":{\"@type\":\"EntryPoint\",\"urlTemplate\":\"https:\/\/iecatlantaga.org\/?s={search_term_string}\"},\"query-input\":{\"@type\":\"PropertyValueSpecification\",\"valueRequired\":true,\"valueName\":\"search_term_string\"}}],\"inLanguage\":\"es\"},{\"@type\":\"Organization\",\"@id\":\"https:\/\/iecatlantaga.org\/#organization\",\"name\":\"Independent Electrical Contractors - Atlanta & Georgia Chapters\",\"url\":\"https:\/\/iecatlantaga.org\/\",\"logo\":{\"@type\":\"ImageObject\",\"inLanguage\":\"es\",\"@id\":\"https:\/\/iecatlantaga.org\/#\/schema\/logo\/image\/\",\"url\":\"https:\/\/iecatlantaga.org\/wp-content\/uploads\/2019\/02\/IEC-Atlanta.png\",\"contentUrl\":\"https:\/\/iecatlantaga.org\/wp-content\/uploads\/2019\/02\/IEC-Atlanta.png\",\"width\":871,\"height\":368,\"caption\":\"Independent Electrical Contractors - Atlanta & Georgia Chapters\"},\"image\":{\"@id\":\"https:\/\/iecatlantaga.org\/#\/schema\/logo\/image\/\"},\"sameAs\":[\"https:\/\/www.facebook.com\/IEC.Atlanta.Georgia\/\",\"https:\/\/x.com\/atl_ga_electric\",\"https:\/\/www.linkedin.com\/company\/atlanta-chapter-independent-electrical-contractors\",\"https:\/\/www.instagram.com\/iecatlantaga2018\/\"]}]}<\/script>\n<!-- \/ Yoast SEO plugin. -->","yoast_head_json":{"title":"Aprendizaje en Atlanta | IEC Atlanta &amp; Georgia Chapters","description":"La Secci\u00f3n de Atlanta y Georgia de la IEC ofrece programas de aprendizaje para que los contratistas el\u00e9ctricos en ascenso desarrollen su oficio. Obtenga m\u00e1s informaci\u00f3n sobre nuestro programa de Georgia hoy.","robots":{"index":"index","follow":"follow","max-snippet":"max-snippet:-1","max-image-preview":"max-image-preview:large","max-video-preview":"max-video-preview:-1"},"canonical":"https:\/\/iecatlantaga.org\/es\/aprendizaje-antiguo\/atlanta\/","og_locale":"es_ES","og_type":"article","og_title":"Atlanta Apprenticeship | IEC Atlanta & Georgia Chapters","og_description":"The IEC Atlanta & Georgia Chapter Offers Apprenticeships For Rising Electrical Contractors To Grow Their Craft. Learn More About Our Atlanta Program Today.","og_url":"https:\/\/iecatlantaga.org\/es\/aprendizaje-antiguo\/atlanta\/","og_site_name":"IEC Atlanta &amp; Georgia Chapters","article_publisher":"https:\/\/www.facebook.com\/IEC.Atlanta.Georgia\/","article_modified_time":"2021-08-26T20:47:08+00:00","twitter_card":"summary_large_image","twitter_site":"@atl_ga_electric","schema":{"@context":"https:\/\/schema.org","@graph":[{"@type":"WebPage","@id":"https:\/\/iecatlantaga.org\/apprenticeship-old\/atlanta\/","url":"https:\/\/iecatlantaga.org\/apprenticeship-old\/atlanta\/","name":"Aprendizaje en Atlanta | IEC Atlanta &amp; Georgia Chapters","isPartOf":{"@id":"https:\/\/iecatlantaga.org\/#website"},"datePublished":"2018-10-01T14:45:02+00:00","dateModified":"2021-08-26T20:47:08+00:00","description":"La Secci\u00f3n de Atlanta y Georgia de la IEC ofrece programas de aprendizaje para que los contratistas el\u00e9ctricos en ascenso desarrollen su oficio. Obtenga m\u00e1s informaci\u00f3n sobre nuestro programa de Georgia hoy.","breadcrumb":{"@id":"https:\/\/iecatlantaga.org\/apprenticeship-old\/atlanta\/#breadcrumb"},"inLanguage":"es","potentialAction":[{"@type":"ReadAction","target":["https:\/\/iecatlantaga.org\/apprenticeship-old\/atlanta\/"]}]},{"@type":"BreadcrumbList","@id":"https:\/\/iecatlantaga.org\/apprenticeship-old\/atlanta\/#breadcrumb","itemListElement":[{"@type":"ListItem","position":1,"name":"Home","item":"https:\/\/iecatlantaga.org\/"},{"@type":"ListItem","position":2,"name":"Apprenticeship old","item":"https:\/\/iecatlantaga.org\/apprenticeship-old\/"},{"@type":"ListItem","position":3,"name":"Apprenticeship &#8211; Atlanta"}]},{"@type":"WebSite","@id":"https:\/\/iecatlantaga.org\/#website","url":"https:\/\/iecatlantaga.org\/","name":"IEC Atlanta &amp; Georgia Chapters","description":"Conexiones de alimentaci\u00f3n","publisher":{"@id":"https:\/\/iecatlantaga.org\/#organization"},"potentialAction":[{"@type":"SearchAction","target":{"@type":"EntryPoint","urlTemplate":"https:\/\/iecatlantaga.org\/?s={search_term_string}"},"query-input":{"@type":"PropertyValueSpecification","valueRequired":true,"valueName":"search_term_string"}}],"inLanguage":"es"},{"@type":"Organization","@id":"https:\/\/iecatlantaga.org\/#organization","name":"Contratistas El\u00e9ctricos Independientes - Secciones de Atlanta y Georgia","url":"https:\/\/iecatlantaga.org\/","logo":{"@type":"ImageObject","inLanguage":"es","@id":"https:\/\/iecatlantaga.org\/#\/schema\/logo\/image\/","url":"https:\/\/iecatlantaga.org\/wp-content\/uploads\/2019\/02\/IEC-Atlanta.png","contentUrl":"https:\/\/iecatlantaga.org\/wp-content\/uploads\/2019\/02\/IEC-Atlanta.png","width":871,"height":368,"caption":"Independent Electrical Contractors - Atlanta & Georgia Chapters"},"image":{"@id":"https:\/\/iecatlantaga.org\/#\/schema\/logo\/image\/"},"sameAs":["https:\/\/www.facebook.com\/IEC.Atlanta.Georgia\/","https:\/\/x.com\/atl_ga_electric","https:\/\/www.linkedin.com\/company\/atlanta-chapter-independent-electrical-contractors","https:\/\/www.instagram.com\/iecatlantaga2018\/"]}]}},"jetpack_sharing_enabled":true,"publishpress_future_action":{"enabled":false,"date":"2026-04-26 14:45:08","action":"change-status","newStatus":"draft","terms":[],"taxonomy":"","extraData":[]},"publishpress_future_workflow_manual_trigger":{"enabledWorkflows":[]},"builder_content":"<h1>Apprenticeship - Atlanta<\/h1>\n<p style=\"text-align: left;\">The apprenticeship program operates in accordance with the US Department of Labor, Office of Apprenticeship Standards.\u00a0 The two main program requirements are: minimum of 576 hours of classroom training and 8,000 hours (up to 4 years) of on the job training.<\/p> <p style=\"text-align: left;\">Upon completion of classroom and job training, graduates will receive a Journey-person Certification that is acknowledged in all 50 states.<\/p> <p style=\"text-align: left;\">*Interested candidates must possess a high school diploma or GED and have reliable transportation.<\/p> <p style=\"text-align: left;\"><strong>IEC Atlanta is an Equal Opportunity Employer and does not discriminate on the basis of race, religion, color, sex, gender identity, sexual orientation, age, non-disqualifying physical or mental disability, national origin, veteran status or any other basis covered by appropriate law. All applicants are accepted on the basis of qualifications, merit, and business need.<\/strong><br \/><strong>AA\/EEO<\/strong><\/p> <p><strong>**After you submit your application you will receive an email with your next steps. Check your spam\/junk folder if you don't see it in your inbox within 24 hours**<\/strong><\/p>\n<a href=\"http:\/\/iecatlantaapplication.mypreview.site\/\" target=\"_blank\" rel=\"noopener\"> Apply Online <\/a>\n<h1 style=\"text-align: center;\">THE PROGRAM<\/h1>\n<h1 style=\"text-align: center;\">CREDENTIALS<\/h1>\n<svg> <circle fill=\"#222222\"><\/circle> <circle stroke=\"rgba(0,0,0,.1)\" stroke-width=\"5\"\/> <circle stroke-width=\"5\" stroke=\"#d60007\" data-progress=\"100\" stroke-dasharray=\"0,10000\"\/> <\/svg> \n Classroom Training Hours\n<svg> <circle fill=\"#222222\"><\/circle> <circle stroke=\"rgba(0,0,0,.1)\" stroke-width=\"5\"\/> <circle stroke-width=\"5\" stroke=\"#d60007\" data-progress=\"100\" stroke-dasharray=\"0,10000\"\/> <\/svg> \n Job Training Hours\n<svg> <circle fill=\"#222222\"><\/circle> <circle stroke=\"rgba(0,0,0,.1)\" stroke-width=\"5\"\/> <circle stroke-width=\"5\" stroke=\"#d60007\" data-progress=\"100\" stroke-dasharray=\"0,10000\"\/> <\/svg> \n Recognized In Every State","_links":{"self":[{"href":"https:\/\/iecatlantaga.org\/es\/wp-json\/wp\/v2\/pages\/225","targetHints":{"allow":["GET"]}}],"collection":[{"href":"https:\/\/iecatlantaga.org\/es\/wp-json\/wp\/v2\/pages"}],"about":[{"href":"https:\/\/iecatlantaga.org\/es\/wp-json\/wp\/v2\/types\/page"}],"author":[{"embeddable":true,"href":"https:\/\/iecatlantaga.org\/es\/wp-json\/wp\/v2\/users\/1"}],"replies":[{"embeddable":true,"href":"https:\/\/iecatlantaga.org\/es\/wp-json\/wp\/v2\/comments?post=225"}],"version-history":[{"count":5,"href":"https:\/\/iecatlantaga.org\/es\/wp-json\/wp\/v2\/pages\/225\/revisions"}],"predecessor-version":[{"id":5700,"href":"https:\/\/iecatlantaga.org\/es\/wp-json\/wp\/v2\/pages\/225\/revisions\/5700"}],"up":[{"embeddable":true,"href":"https:\/\/iecatlantaga.org\/es\/wp-json\/wp\/v2\/pages\/55"}],"wp:attachment":[{"href":"https:\/\/iecatlantaga.org\/es\/wp-json\/wp\/v2\/media?parent=225"}],"curies":[{"name":"wp","href":"https:\/\/api.w.org\/{rel}","templated":true}]}}