{"id":2315,"date":"2019-08-08T13:22:00","date_gmt":"2019-08-08T13:22:00","guid":{"rendered":"https:\/\/iecatlantaga.org\/partners-copy\/"},"modified":"2026-04-09T16:16:52","modified_gmt":"2026-04-09T16:16:52","slug":"regalo","status":"publish","type":"page","link":"https:\/\/iecatlantaga.org\/es\/gift\/","title":{"rendered":"REGALO"},"content":{"rendered":"<!--themify_builder_content-->\n<div id=\"themify_builder_content-2315\" data-postid=\"2315\" class=\"themify_builder_content themify_builder_content-2315 themify_builder tf_clear\">\n                    <div  data-css_id=\"3svb536\" data-lazy=\"1\" class=\"module_row themify_builder_row main-banner fullwidth tb_3svb536 tb_first tf_w\">\n                        <div class=\"row_inner col_align_top tb_col_count_1 tf_box tf_rel\">\n                        <div  data-lazy=\"1\" class=\"module_column tb-column col-full tb_cixl537 first\">\n                    <!-- module text -->\n<div  class=\"module module-text tb_ozgw537\" data-lazy=\"1\">\n        <div  class=\"tb_text_wrap\">\n        <h1 style=\"text-align: center;\">REGALO<\/h1>\n<p style=\"text-align: center;\">\u00a0<\/p>    <\/div>\n<\/div>\n<!-- \/module text -->        <\/div>\n                        <\/div>\n        <\/div>\n                        <div  data-css_id=\"ykzr536\" data-lazy=\"1\" class=\"module_row themify_builder_row fullwidth_row_container tb_ykzr536 tf_w\">\n                        <div class=\"row_inner col_align_top tb_col_count_1 tf_box tf_rel\">\n                        <div  data-lazy=\"1\" class=\"module_column tb-column col-full tb_x48i539 first\">\n                    <!-- module text -->\n<div  class=\"module module-text tb_nooh539\" data-lazy=\"1\">\n        <div  class=\"tb_text_wrap\">\n        <h4>\u00a0<\/h4>\n<h1 style=\"text-align: center;\"><span style=\"color: #d60007;\">G<\/span>eorgia <span style=\"color: #d60007;\">I<\/span>ndustria <span style=\"color: #d60007;\">F<\/span>oundaci\u00f3n para <span style=\"color: #d60007;\">T<\/span>lloviendo<\/h1>\n<p>\u00a0<\/p>    <\/div>\n<\/div>\n<!-- \/module text --><!-- module text -->\n<div  class=\"module module-text tb_9sqn539\" data-lazy=\"1\">\n        <div  class=\"tb_text_wrap\">\n        <h3 class=\"Normal\">\u00danase a nuestra campa\u00f1a<span style=\"color: #888888;\"><br><\/span><\/h3>\n<p><span style=\"color: #888888;\">Donar al G.I.F.T. a continuaci\u00f3n<\/span><\/p>\n<h3 class=\"Normal\">\u00a1La beca G.I.F.T est\u00e1 abierta!<\/h3>\n<p>Fecha l\u00edmite para <a href=\"https:\/\/form.typeform.com\/to\/LVSoghwd\">Solicita la beca G.I.F.T<\/a> es el 15 de junio de 2026.\u00a0 <br>Esto es un aprendizaje el\u00e9ctrico\u00a0<span style=\"color: rgba(71,71,71,var(--o42jjq,1)); font-family: YAEnl_LceSg_1, _fb_, auto; caret-color: #474747; font-size: 1em;\">Programa de Becas\u00a0<\/span><span style=\"color: rgba(71,71,71,var(--o42jjq,1)); font-family: YAEnl_LceSg_1, _fb_, auto; caret-color: #474747; font-size: 1em;\">Para estudiantes de \u00faltimo a\u00f1o de secundaria.<\/span><\/p>\n<h3 class=\"Normal\">\u00bfQu\u00e9 es GIFT?<\/h3>\n<p class=\"Normal\">GIFT (Georgia Industry Foundation for Training) es una organizaci\u00f3n sin \u00e1nimo de lucro 501(c)3 cuyo objetivo es fomentar la educaci\u00f3n y la formaci\u00f3n en el sector el\u00e9ctrico, alentar y promover pr\u00e1cticas laborales seguras y fomentar la igualdad de oportunidades en el campo de la construcci\u00f3n el\u00e9ctrica.<\/p>\n<h3 class=\"Normal\">\u00bfPor qu\u00e9 se cre\u00f3 GIFT?<\/h3>\n<p class=\"Normal\">IEC Atlanta y Georgia Chapters crearon GIFT para ayudar a satisfacer las necesidades de la industria el\u00e9ctrica en Georgia mediante la b\u00fasqueda de recursos para ayudar a las personas que forman parte de la membres\u00eda IEC y la industria extendida en todo Georgia.<\/p>\n<h3 class=\"Normal\">\u00bfC\u00f3mo recaudamos dinero?<\/h3>\n<p class=\"Normal\">Los fondos para realizar nuestro trabajo se recaudan mediante actos especiales, rifas, llamamientos, subvenciones y donaciones.<\/p>\n<p><strong><a href=\"https:\/\/iecatlantaga.org\/wp-content\/uploads\/2025\/01\/Gift-2024-Annual-Report-3.pdf\">Regalo 2024 Informe anual (3)<\/a><\/strong><\/p>\n<h3 class=\"Normal\">\u00bfC\u00f3mo utilizamos los fondos recaudados?<\/h3>\n<p class=\"Normal\">En funci\u00f3n de los fondos recaudados, el Consejo de Administraci\u00f3n de GIFT determina c\u00f3mo<br>mejor manera de distribuir los fondos entre particulares, organizaciones sin \u00e1nimo de lucro y otras causas meritorias.<\/p>\n<p><a href=\"https:\/\/youtu.be\/h1Z9SgWSiiQ\"><strong>Testimonio sobre la ayuda de una beca GIFT<\/strong><\/a><\/p>\n<h3><a href=\"https:\/\/iecatlantaga.org\/wp-content\/uploads\/2022\/08\/gIFTsTATS-1.png\"><img loading=\"lazy\" decoding=\"async\" class=\"aligncenter size-medium wp-image-7054\" src=\"https:\/\/iecatlantaga.org\/wp-content\/uploads\/2022\/08\/gIFTsTATS-1-300x123.png\" alt=\"\" width=\"300\" height=\"123\" srcset=\"https:\/\/iecatlantaga.org\/wp-content\/uploads\/2022\/08\/gIFTsTATS-1-300x123.png 300w, https:\/\/iecatlantaga.org\/wp-content\/uploads\/2022\/08\/gIFTsTATS-1-1024x421.png 1024w, https:\/\/iecatlantaga.org\/wp-content\/uploads\/2022\/08\/gIFTsTATS-1-768x316.png 768w, https:\/\/iecatlantaga.org\/wp-content\/uploads\/2022\/08\/gIFTsTATS-1-1536x632.png 1536w, https:\/\/iecatlantaga.org\/wp-content\/uploads\/2022\/08\/gIFTsTATS-1.png 1650w\" sizes=\"auto, (max-width: 300px) 100vw, 300px\" \/><\/a><\/h3>\n<h3 class=\"Normal\">\u00bfC\u00f3mo puede ayudarnos?<\/h3>\n<p class=\"Normal\">Considere la posibilidad de hacer un donativo \u00fanico o un donativo mensual o trimestral, deducible de impuestos, a nombre de GIFT, 4500 Winters Chapel Rd., Atlanta, GA 30360.<\/p>\n<p class=\"Normal\">Para m\u00e1s informaci\u00f3n, p\u00f3ngase en contacto con Niel Dawson en el 770-242-9277 Ext. 102 o<br>niel.dawson@iecatlantaga.org<\/p>\n<p class=\"Normal\">Atlanta &amp; Georgia ofrecen numerosas oportunidades para establecer contactos a trav\u00e9s de almuerzos mensuales y eventos deportivos como golf, pesca y tiro al plato.  La feria comercial anual re\u00fane a m\u00e1s de 700 asistentes de todo el estado e incluye espacio para 50 stands.<\/p>    <\/div>\n<\/div>\n<!-- \/module text --><!-- module buttons -->\n<div  class=\"module module-buttons tb_1qvq450 buttons-horizontal solid\" data-lazy=\"1\">\n        <div class=\"module-buttons-item tf_in_flx\">\n                        <a href=\"https:\/\/form.typeform.com\/to\/anTzrU9J\" class=\"ui builder_button tf_in_flx tb_default_color\" >\n                                                                                        <\/a>\n                <\/div>\n            <\/div>\n<!-- \/module buttons -->\n<!-- module text -->\n<div  class=\"module module-text tb_jg7x166\" data-lazy=\"1\">\n        <div  class=\"tb_text_wrap\">\n        <h3 class=\"Normal\">Los importes de donaci\u00f3n recomendados son $25,00, $100, $250, $500, $1.000, o donaciones mensuales.<\/h3>\n<p>Para establecer donaciones peri\u00f3dicas, env\u00ede un correo electr\u00f3nico a <a href=\"mailto:accounting@iecatlantaga.org\">accounting@iecatlantaga.org<\/a><\/p>    <\/div>\n<\/div>\n<!-- \/module text --><!-- module buttons -->\n<div  class=\"module module-buttons tb_sk47334 buttons-vertical solid  xlarge squared\" data-lazy=\"1\">\n        <div class=\"module-buttons-item tf_in_flx\">\n                        <a href=\"https:\/\/paypal.me\/IECGIFT?country.x=US&#038;locale.x=en_US\" class=\"ui builder_button tf_in_flx black\" >\n                                                Donar                                        <\/a>\n                <\/div>\n            <\/div>\n<!-- \/module buttons -->\n        <\/div>\n                        <\/div>\n        <\/div>\n        <\/div>\n<!--\/themify_builder_content-->","protected":false},"excerpt":{"rendered":"<p>REGALO \u00a0<\/p>","protected":false},"author":1,"featured_media":0,"parent":0,"menu_order":0,"comment_status":"closed","ping_status":"closed","template":"","meta":{"footnotes":""},"class_list":["post-2315","page","type-page","status-publish","hentry","has-post-title","has-post-date","has-post-category","has-post-tag","has-post-comment","has-post-author",""],"yoast_head":"<!-- This site is optimized with the Yoast SEO plugin v27.6 - https:\/\/yoast.com\/product\/yoast-seo-wordpress\/ -->\n<title>Become a Partner | IEC Atlanta &amp; Georgia Chapters<\/title>\n<meta name=\"description\" content=\"The IEC Atlanta &amp; Georgia Chapter Offers a Partner Program for Any Company Selling a Good or Service to one of Our Contractor Members. Become a Partner Now!\" \/>\n<meta name=\"robots\" content=\"index, follow, max-snippet:-1, max-image-preview:large, max-video-preview:-1\" \/>\n<link rel=\"canonical\" href=\"https:\/\/iecatlantaga.org\/es\/regalo\/\" \/>\n<meta property=\"og:locale\" content=\"es_ES\" \/>\n<meta property=\"og:type\" content=\"article\" \/>\n<meta property=\"og:title\" content=\"Become a Partner | IEC Atlanta &amp; Georgia Chapters\" \/>\n<meta property=\"og:description\" content=\"The IEC Atlanta &amp; Georgia Chapter Offers a Partner Program for Any Company Selling a Good or Service to one of Our Contractor Members. Become a Partner Now!\" \/>\n<meta property=\"og:url\" content=\"https:\/\/iecatlantaga.org\/es\/regalo\/\" \/>\n<meta property=\"og:site_name\" content=\"IEC Atlanta &amp; Georgia Chapters\" \/>\n<meta property=\"article:publisher\" content=\"https:\/\/www.facebook.com\/IEC.Atlanta.Georgia\/\" \/>\n<meta property=\"article:modified_time\" content=\"2026-04-09T16:16:52+00:00\" \/>\n<meta property=\"og:image\" content=\"https:\/\/iecatlantaga.org\/wp-content\/uploads\/2022\/08\/gIFTsTATS-1.png\" \/>\n\t<meta property=\"og:image:width\" content=\"1650\" \/>\n\t<meta property=\"og:image:height\" content=\"679\" \/>\n\t<meta property=\"og:image:type\" content=\"image\/png\" \/>\n<meta name=\"twitter:card\" content=\"summary_large_image\" \/>\n<meta name=\"twitter:site\" content=\"@atl_ga_electric\" \/>\n<meta name=\"twitter:label1\" content=\"Tiempo de lectura\" \/>\n\t<meta name=\"twitter:data1\" content=\"3 minutos\" \/>\n<script type=\"application\/ld+json\" class=\"yoast-schema-graph\">{\"@context\":\"https:\\\/\\\/schema.org\",\"@graph\":[{\"@type\":\"WebPage\",\"@id\":\"https:\\\/\\\/iecatlantaga.org\\\/gift\\\/\",\"url\":\"https:\\\/\\\/iecatlantaga.org\\\/gift\\\/\",\"name\":\"Become a Partner | IEC Atlanta & Georgia Chapters\",\"isPartOf\":{\"@id\":\"https:\\\/\\\/iecatlantaga.org\\\/#website\"},\"primaryImageOfPage\":{\"@id\":\"https:\\\/\\\/iecatlantaga.org\\\/gift\\\/#primaryimage\"},\"image\":{\"@id\":\"https:\\\/\\\/iecatlantaga.org\\\/gift\\\/#primaryimage\"},\"thumbnailUrl\":\"https:\\\/\\\/iecatlantaga.org\\\/wp-content\\\/uploads\\\/2022\\\/08\\\/gIFTsTATS-1-300x123.png\",\"datePublished\":\"2019-08-08T13:22:00+00:00\",\"dateModified\":\"2026-04-09T16:16:52+00:00\",\"description\":\"The IEC Atlanta & Georgia Chapter Offers a Partner Program for Any Company Selling a Good or Service to one of Our Contractor Members. Become a Partner Now!\",\"breadcrumb\":{\"@id\":\"https:\\\/\\\/iecatlantaga.org\\\/gift\\\/#breadcrumb\"},\"inLanguage\":\"es\",\"potentialAction\":[{\"@type\":\"ReadAction\",\"target\":[\"https:\\\/\\\/iecatlantaga.org\\\/gift\\\/\"]}]},{\"@type\":\"ImageObject\",\"inLanguage\":\"es\",\"@id\":\"https:\\\/\\\/iecatlantaga.org\\\/gift\\\/#primaryimage\",\"url\":\"https:\\\/\\\/iecatlantaga.org\\\/wp-content\\\/uploads\\\/2022\\\/08\\\/gIFTsTATS-1-300x123.png\",\"contentUrl\":\"https:\\\/\\\/iecatlantaga.org\\\/wp-content\\\/uploads\\\/2022\\\/08\\\/gIFTsTATS-1-300x123.png\"},{\"@type\":\"BreadcrumbList\",\"@id\":\"https:\\\/\\\/iecatlantaga.org\\\/gift\\\/#breadcrumb\",\"itemListElement\":[{\"@type\":\"ListItem\",\"position\":1,\"name\":\"Home\",\"item\":\"https:\\\/\\\/iecatlantaga.org\\\/\"},{\"@type\":\"ListItem\",\"position\":2,\"name\":\"GIFT\"}]},{\"@type\":\"WebSite\",\"@id\":\"https:\\\/\\\/iecatlantaga.org\\\/#website\",\"url\":\"https:\\\/\\\/iecatlantaga.org\\\/\",\"name\":\"IEC Atlanta &amp; Georgia Chapters\",\"description\":\"Powering Connections\",\"publisher\":{\"@id\":\"https:\\\/\\\/iecatlantaga.org\\\/#organization\"},\"potentialAction\":[{\"@type\":\"SearchAction\",\"target\":{\"@type\":\"EntryPoint\",\"urlTemplate\":\"https:\\\/\\\/iecatlantaga.org\\\/?s={search_term_string}\"},\"query-input\":{\"@type\":\"PropertyValueSpecification\",\"valueRequired\":true,\"valueName\":\"search_term_string\"}}],\"inLanguage\":\"es\"},{\"@type\":\"Organization\",\"@id\":\"https:\\\/\\\/iecatlantaga.org\\\/#organization\",\"name\":\"Independent Electrical Contractors - Atlanta & Georgia Chapters\",\"url\":\"https:\\\/\\\/iecatlantaga.org\\\/\",\"logo\":{\"@type\":\"ImageObject\",\"inLanguage\":\"es\",\"@id\":\"https:\\\/\\\/iecatlantaga.org\\\/#\\\/schema\\\/logo\\\/image\\\/\",\"url\":\"https:\\\/\\\/iecatlantaga.org\\\/wp-content\\\/uploads\\\/2019\\\/02\\\/IEC-Atlanta.png\",\"contentUrl\":\"https:\\\/\\\/iecatlantaga.org\\\/wp-content\\\/uploads\\\/2019\\\/02\\\/IEC-Atlanta.png\",\"width\":871,\"height\":368,\"caption\":\"Independent Electrical Contractors - Atlanta & Georgia Chapters\"},\"image\":{\"@id\":\"https:\\\/\\\/iecatlantaga.org\\\/#\\\/schema\\\/logo\\\/image\\\/\"},\"sameAs\":[\"https:\\\/\\\/www.facebook.com\\\/IEC.Atlanta.Georgia\\\/\",\"https:\\\/\\\/x.com\\\/atl_ga_electric\",\"https:\\\/\\\/www.linkedin.com\\\/company\\\/atlanta-chapter-independent-electrical-contractors\",\"https:\\\/\\\/www.instagram.com\\\/iecatlantaga2018\\\/\"]}]}<\/script>\n<!-- \/ Yoast SEO plugin. -->","yoast_head_json":{"title":"H\u00e1gase socio | IEC Atlanta &amp; Georgia Chapters","description":"El IEC Atlanta &amp; Georgia Chapter ofrece un programa de socios para cualquier empresa que venda un producto o servicio a uno de nuestros miembros contratistas. \u00a1H\u00e1gase socio ahora!","robots":{"index":"index","follow":"follow","max-snippet":"max-snippet:-1","max-image-preview":"max-image-preview:large","max-video-preview":"max-video-preview:-1"},"canonical":"https:\/\/iecatlantaga.org\/es\/regalo\/","og_locale":"es_ES","og_type":"article","og_title":"Become a Partner | IEC Atlanta & Georgia Chapters","og_description":"The IEC Atlanta & Georgia Chapter Offers a Partner Program for Any Company Selling a Good or Service to one of Our Contractor Members. Become a Partner Now!","og_url":"https:\/\/iecatlantaga.org\/es\/regalo\/","og_site_name":"IEC Atlanta &amp; Georgia Chapters","article_publisher":"https:\/\/www.facebook.com\/IEC.Atlanta.Georgia\/","article_modified_time":"2026-04-09T16:16:52+00:00","og_image":[{"width":1650,"height":679,"url":"https:\/\/iecatlantaga.org\/wp-content\/uploads\/2022\/08\/gIFTsTATS-1.png","type":"image\/png"}],"twitter_card":"summary_large_image","twitter_site":"@atl_ga_electric","twitter_misc":{"Tiempo de lectura":"3 minutos"},"schema":{"@context":"https:\/\/schema.org","@graph":[{"@type":"WebPage","@id":"https:\/\/iecatlantaga.org\/gift\/","url":"https:\/\/iecatlantaga.org\/gift\/","name":"H\u00e1gase socio | IEC Atlanta &amp; Georgia Chapters","isPartOf":{"@id":"https:\/\/iecatlantaga.org\/#website"},"primaryImageOfPage":{"@id":"https:\/\/iecatlantaga.org\/gift\/#primaryimage"},"image":{"@id":"https:\/\/iecatlantaga.org\/gift\/#primaryimage"},"thumbnailUrl":"https:\/\/iecatlantaga.org\/wp-content\/uploads\/2022\/08\/gIFTsTATS-1-300x123.png","datePublished":"2019-08-08T13:22:00+00:00","dateModified":"2026-04-09T16:16:52+00:00","description":"El IEC Atlanta &amp; Georgia Chapter ofrece un programa de socios para cualquier empresa que venda un producto o servicio a uno de nuestros miembros contratistas. \u00a1H\u00e1gase socio ahora!","breadcrumb":{"@id":"https:\/\/iecatlantaga.org\/gift\/#breadcrumb"},"inLanguage":"es","potentialAction":[{"@type":"ReadAction","target":["https:\/\/iecatlantaga.org\/gift\/"]}]},{"@type":"ImageObject","inLanguage":"es","@id":"https:\/\/iecatlantaga.org\/gift\/#primaryimage","url":"https:\/\/iecatlantaga.org\/wp-content\/uploads\/2022\/08\/gIFTsTATS-1-300x123.png","contentUrl":"https:\/\/iecatlantaga.org\/wp-content\/uploads\/2022\/08\/gIFTsTATS-1-300x123.png"},{"@type":"BreadcrumbList","@id":"https:\/\/iecatlantaga.org\/gift\/#breadcrumb","itemListElement":[{"@type":"ListItem","position":1,"name":"Home","item":"https:\/\/iecatlantaga.org\/"},{"@type":"ListItem","position":2,"name":"GIFT"}]},{"@type":"WebSite","@id":"https:\/\/iecatlantaga.org\/#website","url":"https:\/\/iecatlantaga.org\/","name":"IEC Atlanta &amp; Georgia Chapters","description":"Conexiones de alimentaci\u00f3n","publisher":{"@id":"https:\/\/iecatlantaga.org\/#organization"},"potentialAction":[{"@type":"SearchAction","target":{"@type":"EntryPoint","urlTemplate":"https:\/\/iecatlantaga.org\/?s={search_term_string}"},"query-input":{"@type":"PropertyValueSpecification","valueRequired":true,"valueName":"search_term_string"}}],"inLanguage":"es"},{"@type":"Organization","@id":"https:\/\/iecatlantaga.org\/#organization","name":"Contratistas El\u00e9ctricos Independientes - Secciones de Atlanta y Georgia","url":"https:\/\/iecatlantaga.org\/","logo":{"@type":"ImageObject","inLanguage":"es","@id":"https:\/\/iecatlantaga.org\/#\/schema\/logo\/image\/","url":"https:\/\/iecatlantaga.org\/wp-content\/uploads\/2019\/02\/IEC-Atlanta.png","contentUrl":"https:\/\/iecatlantaga.org\/wp-content\/uploads\/2019\/02\/IEC-Atlanta.png","width":871,"height":368,"caption":"Independent Electrical Contractors - Atlanta & Georgia Chapters"},"image":{"@id":"https:\/\/iecatlantaga.org\/#\/schema\/logo\/image\/"},"sameAs":["https:\/\/www.facebook.com\/IEC.Atlanta.Georgia\/","https:\/\/x.com\/atl_ga_electric","https:\/\/www.linkedin.com\/company\/atlanta-chapter-independent-electrical-contractors","https:\/\/www.instagram.com\/iecatlantaga2018\/"]}]}},"jetpack_sharing_enabled":true,"publishpress_future_action":{"enabled":false,"date":"2026-05-24 00:38:31","action":"change-status","newStatus":"draft","terms":[],"taxonomy":"","extraData":[]},"publishpress_future_workflow_manual_trigger":{"enabledWorkflows":[]},"builder_content":"<h1 style=\"text-align: center;\">GIFT<\/h1> <p style=\"text-align: center;\">\u00a0<\/p>\n<h4>\u00a0<\/h4> <h1 style=\"text-align: center;\">Georgia Industry Foundation for Training<\/h1> <p>\u00a0<\/p>\n<h3>Join Our Capital Campaign<br><\/h3> <p>Donate to G.I.F.T. Below<\/p> <h3>G.I.F.T SCHOLARSHIP\u00a0 is Open!<\/h3> <p>Deadline to <a href=\"https:\/\/form.typeform.com\/to\/LVSoghwd\">apply for the G.I.F.T Scholarship<\/a> is June 15th, 2026.\u00a0 <br>This is an Electrical Apprenticeship\u00a0Scholarship Program\u00a0for High School Seniors.<\/p> <h3>What is GIFT?<\/h3> <p>GIFT (Georgia Industry Foundation for Training) is a non-profit 501(c)3 organization who\u2019s purpose is to foster education and training in the electrical industry, to encourage and promote safe working practices and to encourage equal opportunity in the electrical construction field.<\/p> <h3>Why was GIFT created?<\/h3> <p>IEC Atlanta and Georgia Chapters created GIFT to help meet the needs of the electrical industry in Georgia by finding resources to assist individuals that are part of the IEC membership and extended industry throughout Georgia.<\/p> <h3>How do we raise money?<\/h3> <p>Funds to do our work are raised through special events, raffles, appeals, grants and donations.<\/p> <p><strong><a href=\"https:\/\/iecatlantaga.org\/wp-content\/uploads\/2025\/01\/Gift-2024-Annual-Report-3.pdf\">Gift 2024 Annual Report (3)<\/a><\/strong><\/p> <h3>How do we use the funds collected?<\/h3> <p>Based upon the funds collected, the GIFT Board of Directors determines how<br>best to distribute the funds to individuals, non-profits and other deserving causes.<\/p> <p><a href=\"https:\/\/youtu.be\/h1Z9SgWSiiQ\"><strong>Testimonial About How a GIFT Scholarship Has Helped<\/strong><\/a><\/p> <h3><a href=\"https:\/\/iecatlantaga.org\/wp-content\/uploads\/2022\/08\/gIFTsTATS-1.png\"><img loading=\"lazy\" decoding=\"async\" src=\"https:\/\/iecatlantaga.org\/wp-content\/uploads\/2022\/08\/gIFTsTATS-1-300x123.png\" alt=\"\" width=\"300\" height=\"123\" srcset=\"https:\/\/iecatlantaga.org\/wp-content\/uploads\/2022\/08\/gIFTsTATS-1-300x123.png 300w, https:\/\/iecatlantaga.org\/wp-content\/uploads\/2022\/08\/gIFTsTATS-1-1024x421.png 1024w, https:\/\/iecatlantaga.org\/wp-content\/uploads\/2022\/08\/gIFTsTATS-1-768x316.png 768w, https:\/\/iecatlantaga.org\/wp-content\/uploads\/2022\/08\/gIFTsTATS-1-1536x632.png 1536w, https:\/\/iecatlantaga.org\/wp-content\/uploads\/2022\/08\/gIFTsTATS-1.png 1650w\" sizes=\"auto, (max-width: 300px) 100vw, 300px\" \/><\/a><\/h3> <h3>How can you help?<\/h3> <p>Consider either a one time donation or an ongoing monthly or quarterly donation, which is tax deductible made out to GIFT, 4500 Winters Chapel Rd., Atlanta, GA 30360<\/p> <p>For more information contact Niel Dawson at 770-242-9277 Ext. 102 or<br>niel.dawson@iecatlantaga.org<\/p> <p>Atlanta &amp; Georgia provide numerous networking opportunities through monthly luncheons and sporting events such as golf, fishing and clay shoots.\u00a0 The annual trade show brings in over 700 attendees from across the state and includes space for 50 booths.<\/p>\n<a href=\"https:\/\/form.typeform.com\/to\/anTzrU9J\" > <\/a>\n<h3>Recommended donation amounts are $25.00, $100, $250, $500, $1,000, or monthly donations.<\/h3> <p>To set up recurring donations email <a href=\"mailto:accounting@iecatlantaga.org\">accounting@iecatlantaga.org<\/a><\/p>\n<a href=\"https:\/\/paypal.me\/IECGIFT?country.x=US&#038;locale.x=en_US\" > Donate <\/a>","_links":{"self":[{"href":"https:\/\/iecatlantaga.org\/es\/wp-json\/wp\/v2\/pages\/2315","targetHints":{"allow":["GET"]}}],"collection":[{"href":"https:\/\/iecatlantaga.org\/es\/wp-json\/wp\/v2\/pages"}],"about":[{"href":"https:\/\/iecatlantaga.org\/es\/wp-json\/wp\/v2\/types\/page"}],"author":[{"embeddable":true,"href":"https:\/\/iecatlantaga.org\/es\/wp-json\/wp\/v2\/users\/1"}],"replies":[{"embeddable":true,"href":"https:\/\/iecatlantaga.org\/es\/wp-json\/wp\/v2\/comments?post=2315"}],"version-history":[{"count":58,"href":"https:\/\/iecatlantaga.org\/es\/wp-json\/wp\/v2\/pages\/2315\/revisions"}],"predecessor-version":[{"id":16184,"href":"https:\/\/iecatlantaga.org\/es\/wp-json\/wp\/v2\/pages\/2315\/revisions\/16184"}],"wp:attachment":[{"href":"https:\/\/iecatlantaga.org\/es\/wp-json\/wp\/v2\/media?parent=2315"}],"curies":[{"name":"wp","href":"https:\/\/api.w.org\/{rel}","templated":true}]}}