{"id":59,"date":"2018-08-22T15:04:02","date_gmt":"2018-08-22T15:04:02","guid":{"rendered":"https:\/\/iecatlantaga.org\/apprentices-copy\/"},"modified":"2025-07-03T16:34:27","modified_gmt":"2025-07-03T16:34:27","slug":"contratistas","status":"publish","type":"page","link":"https:\/\/iecatlantaga.org\/es\/contractors\/","title":{"rendered":"Contratistas"},"content":{"rendered":"<!--themify_builder_content-->\n<div id=\"themify_builder_content-59\" data-postid=\"59\" class=\"themify_builder_content themify_builder_content-59 themify_builder tf_clear\">\n                    <div  data-css_id=\"6b1b038\" data-lazy=\"1\" class=\"module_row themify_builder_row main-banner fullwidth tb_6b1b038 tb_first tf_w\">\n            <span  class=\"builder_row_cover tf_abs\" data-lazy=\"1\"><\/span>            <div class=\"row_inner col_align_top tb_col_count_1 tf_box tf_rel\">\n                        <div  data-lazy=\"1\" class=\"module_column tb-column col-full tb_0b823aa first\">\n                    <!-- module text -->\n<div  class=\"module module-text tb_7f511bf\" data-lazy=\"1\">\n        <div  class=\"tb_text_wrap\">\n        <h1 style=\"text-align: center;\">Contratistas<\/h1>\n<h3 style=\"text-align: center;\"><b>Nuestra misi\u00f3n es que los contratistas de CEI tengan m\u00e1s \u00e9xito prest\u00e1ndoles servicios<br \/>para aumentar su cuenta de resultados <\/b><\/h3>    <\/div>\n<\/div>\n<!-- \/module text --><!-- module buttons -->\n<div  class=\"module module-buttons tb_5007736 buttons-horizontal solid  large squared\" data-lazy=\"1\">\n        <div class=\"module-buttons-item tf_in_flx\">\n                        <a href=\"#locations\" class=\"ui builder_button tf_in_flx black\" >\n                                                SOLICITAR AHORA                                        <\/a>\n                <\/div>\n            <\/div>\n<!-- \/module buttons -->\n        <\/div>\n                        <\/div>\n        <\/div>\n                        <div  data-css_id=\"5261cf3\" data-lazy=\"1\" class=\"module_row themify_builder_row fullwidth_row_container tb_5261cf3 tf_w\">\n                        <div class=\"row_inner col_align_top tb_col_count_2 tf_box tf_rel\">\n                        <div  data-lazy=\"1\" class=\"module_column tb-column col3-1 tb_0fd656b first\">\n                    <!-- module text -->\n<div  class=\"module module-text tb_67e84c1\" data-lazy=\"1\">\n        <div  class=\"tb_text_wrap\">\n        <h1 style=\"text-align: center;\">Contratista\u00a0<br>Afiliaci\u00f3n<\/h1>\n<p style=\"text-align: center;\"><a href=\"https:\/\/youtu.be\/zkWW56_tShs\" target=\"_blank\" rel=\"noopener\">HAGA CLIC AQU\u00cd Y VEA <br>C\u00d3MO HA AYUDADO LA CII A SUS MIEMBROS<\/a><\/p>    <\/div>\n<\/div>\n<!-- \/module text -->        <\/div>\n                    <div  data-lazy=\"1\" class=\"module_column tb-column col3-2 tb_71dade2 last\">\n                    <!-- module text -->\n<div  class=\"module module-text tb_03481ff\" data-lazy=\"1\">\n        <div  class=\"tb_text_wrap\">\n        <p>Forme parte de una red nacional de m\u00e1s de 2.500 contratistas el\u00e9ctricos y obtenga la capacidad de realizar trabajos sin importar d\u00f3nde se encuentren.  Ampl\u00ede su potencial de negocio con recursos dise\u00f1ados para apoyar las necesidades de su organizaci\u00f3n.  Los contratistas de la IEC son sin\u00f3nimo de trabajo de calidad y trabajadores cualificados.  Cuando usted forma parte de la IEC, representa lo mejor que ofrece la industria el\u00e9ctrica.<\/p>    <\/div>\n<\/div>\n<!-- \/module text -->        <\/div>\n                        <\/div>\n        <\/div>\n                        <div  data-anchor=\"locations\" data-css_id=\"d037f57\" data-lazy=\"1\" class=\"module_row themify_builder_row fullwidth tb_has_section tb_section-locations tb_d037f57 tf_w\">\n                        <div class=\"row_inner col_align_middle gutter-none tb_col_count_2 tf_box tf_rel\">\n                        <div  data-lazy=\"1\" class=\"module_column tb-column tb_09f9816 first\">\n        <span  class=\"builder_row_cover tf_abs\" data-lazy=\"1\"><\/span>            <!-- module text -->\n<div  class=\"module module-text tb_07603fe\" data-lazy=\"1\">\n        <div  class=\"tb_text_wrap\">\n        <h1 style=\"text-align: center;\">ATLANTA<\/h1>\n<h3 style=\"text-align: center;\">19 CONDADOS<\/h3>\n<h4 style=\"text-align: center;\">Barrow, Butts, Carroll, Cherokee, Cobb, Coweta, Clayton, Dekalb, Douglas, Fayette, Forsyth, Fulton, Gwinnett, Henry, Newton, Paulding, Rockdale, Spalding, Walton<\/h4>    <\/div>\n<\/div>\n<!-- \/module text --><!-- module buttons -->\n<div  class=\"module module-buttons tb_tje822 buttons-horizontal solid  large squared\" data-lazy=\"1\">\n        <div class=\"module-buttons-item tf_in_flx\">\n                        <a href=\"https:\/\/iecatlantaga.org\/es\/contratistas\/atlanta\/\" class=\"ui builder_button tf_in_flx black\" >\n                                                M\u00e1s informaci\u00f3n                                        <\/a>\n                <\/div>\n            <\/div>\n<!-- \/module buttons -->\n        <\/div>\n                    <div  data-lazy=\"1\" class=\"module_column tb-column tb_72d419b last\">\n        <span  class=\"builder_row_cover tf_abs\" data-lazy=\"1\"><\/span>            <!-- module text -->\n<div  class=\"module module-text tb_43f1cc3\" data-lazy=\"1\">\n        <div  class=\"tb_text_wrap\">\n        <h1 style=\"text-align: center;\">Resto de Georgia<\/h1>    <\/div>\n<\/div>\n<!-- \/module text --><!-- module buttons -->\n<div  class=\"module module-buttons tb_ef0561c buttons-horizontal solid  large squared\" data-lazy=\"1\">\n        <div class=\"module-buttons-item tf_in_flx\">\n                        <a href=\"https:\/\/iecatlantaga.org\/es\/contratistas\/georgia\/\" class=\"ui builder_button tf_in_flx black\" >\n                                                M\u00c1S INFORMACI\u00d3N \/ SOLICITAR AHORA                                        <\/a>\n                <\/div>\n            <\/div>\n<!-- \/module buttons -->\n        <\/div>\n                        <\/div>\n        <\/div>\n        <\/div>\n<!--\/themify_builder_content-->","protected":false},"excerpt":{"rendered":"<p>Contratistas Nuestra misi\u00f3n es aumentar el \u00e9xito de los contratistas de CEI prest\u00e1ndoles servicios para mejorar sus resultados.<\/p>","protected":false},"author":1,"featured_media":0,"parent":0,"menu_order":0,"comment_status":"closed","ping_status":"closed","template":"","meta":{"footnotes":""},"class_list":["post-59","page","type-page","status-publish","hentry","has-post-title","has-post-date","has-post-category","has-post-tag","has-post-comment","has-post-author",""],"yoast_head":"<!-- This site is optimized with the Yoast SEO plugin v27.2 - https:\/\/yoast.com\/product\/yoast-seo-wordpress\/ -->\n<title>Contractor Advocacy Programs | IEC Atlanta &amp; Georgia Chapters<\/title>\n<meta name=\"description\" content=\"The IEC Atlanta &amp; Georgia Chapter Offers Membership For a Contractors in the Nationwide Network of Over 2,500 strong. Learn More and Join Today!\" \/>\n<meta name=\"robots\" content=\"index, follow, max-snippet:-1, max-image-preview:large, max-video-preview:-1\" \/>\n<link rel=\"canonical\" href=\"https:\/\/iecatlantaga.org\/es\/contratistas\/\" \/>\n<meta property=\"og:locale\" content=\"es_ES\" \/>\n<meta property=\"og:type\" content=\"article\" \/>\n<meta property=\"og:title\" content=\"Contractor Advocacy Programs | IEC Atlanta &amp; Georgia Chapters\" \/>\n<meta property=\"og:description\" content=\"The IEC Atlanta &amp; Georgia Chapter Offers Membership For a Contractors in the Nationwide Network of Over 2,500 strong. Learn More and Join Today!\" \/>\n<meta property=\"og:url\" content=\"https:\/\/iecatlantaga.org\/es\/contratistas\/\" \/>\n<meta property=\"og:site_name\" content=\"IEC Atlanta &amp; Georgia Chapters\" \/>\n<meta property=\"article:publisher\" content=\"https:\/\/www.facebook.com\/IEC.Atlanta.Georgia\/\" \/>\n<meta property=\"article:modified_time\" content=\"2025-07-03T16:34:27+00:00\" \/>\n<meta name=\"twitter:card\" content=\"summary_large_image\" \/>\n<meta name=\"twitter:site\" content=\"@atl_ga_electric\" \/>\n<meta name=\"twitter:label1\" content=\"Tiempo de lectura\" \/>\n\t<meta name=\"twitter:data1\" content=\"2 minutos\" \/>\n<script type=\"application\/ld+json\" class=\"yoast-schema-graph\">{\"@context\":\"https:\/\/schema.org\",\"@graph\":[{\"@type\":\"WebPage\",\"@id\":\"https:\/\/iecatlantaga.org\/contractors\/\",\"url\":\"https:\/\/iecatlantaga.org\/contractors\/\",\"name\":\"Contractor Advocacy Programs | IEC Atlanta & Georgia Chapters\",\"isPartOf\":{\"@id\":\"https:\/\/iecatlantaga.org\/#website\"},\"datePublished\":\"2018-08-22T15:04:02+00:00\",\"dateModified\":\"2025-07-03T16:34:27+00:00\",\"description\":\"The IEC Atlanta & Georgia Chapter Offers Membership For a Contractors in the Nationwide Network of Over 2,500 strong. Learn More and Join Today!\",\"breadcrumb\":{\"@id\":\"https:\/\/iecatlantaga.org\/contractors\/#breadcrumb\"},\"inLanguage\":\"es\",\"potentialAction\":[{\"@type\":\"ReadAction\",\"target\":[\"https:\/\/iecatlantaga.org\/contractors\/\"]}]},{\"@type\":\"BreadcrumbList\",\"@id\":\"https:\/\/iecatlantaga.org\/contractors\/#breadcrumb\",\"itemListElement\":[{\"@type\":\"ListItem\",\"position\":1,\"name\":\"Home\",\"item\":\"https:\/\/iecatlantaga.org\/\"},{\"@type\":\"ListItem\",\"position\":2,\"name\":\"Contractors\"}]},{\"@type\":\"WebSite\",\"@id\":\"https:\/\/iecatlantaga.org\/#website\",\"url\":\"https:\/\/iecatlantaga.org\/\",\"name\":\"IEC Atlanta &amp; Georgia Chapters\",\"description\":\"Powering Connections\",\"publisher\":{\"@id\":\"https:\/\/iecatlantaga.org\/#organization\"},\"potentialAction\":[{\"@type\":\"SearchAction\",\"target\":{\"@type\":\"EntryPoint\",\"urlTemplate\":\"https:\/\/iecatlantaga.org\/?s={search_term_string}\"},\"query-input\":{\"@type\":\"PropertyValueSpecification\",\"valueRequired\":true,\"valueName\":\"search_term_string\"}}],\"inLanguage\":\"es\"},{\"@type\":\"Organization\",\"@id\":\"https:\/\/iecatlantaga.org\/#organization\",\"name\":\"Independent Electrical Contractors - Atlanta & Georgia Chapters\",\"url\":\"https:\/\/iecatlantaga.org\/\",\"logo\":{\"@type\":\"ImageObject\",\"inLanguage\":\"es\",\"@id\":\"https:\/\/iecatlantaga.org\/#\/schema\/logo\/image\/\",\"url\":\"https:\/\/iecatlantaga.org\/wp-content\/uploads\/2019\/02\/IEC-Atlanta.png\",\"contentUrl\":\"https:\/\/iecatlantaga.org\/wp-content\/uploads\/2019\/02\/IEC-Atlanta.png\",\"width\":871,\"height\":368,\"caption\":\"Independent Electrical Contractors - Atlanta & Georgia Chapters\"},\"image\":{\"@id\":\"https:\/\/iecatlantaga.org\/#\/schema\/logo\/image\/\"},\"sameAs\":[\"https:\/\/www.facebook.com\/IEC.Atlanta.Georgia\/\",\"https:\/\/x.com\/atl_ga_electric\",\"https:\/\/www.linkedin.com\/company\/atlanta-chapter-independent-electrical-contractors\",\"https:\/\/www.instagram.com\/iecatlantaga2018\/\"]}]}<\/script>\n<!-- \/ Yoast SEO plugin. -->","yoast_head_json":{"title":"Contractor Advocacy Programs | IEC Atlanta &amp; Georgia Chapters","description":"El IEC Atlanta &amp; Georgia Chapter ofrece membres\u00eda para contratistas en la red nacional de m\u00e1s de 2.500 fuertes. Obtenga m\u00e1s informaci\u00f3n y \u00fanase hoy mismo.","robots":{"index":"index","follow":"follow","max-snippet":"max-snippet:-1","max-image-preview":"max-image-preview:large","max-video-preview":"max-video-preview:-1"},"canonical":"https:\/\/iecatlantaga.org\/es\/contratistas\/","og_locale":"es_ES","og_type":"article","og_title":"Contractor Advocacy Programs | IEC Atlanta & Georgia Chapters","og_description":"The IEC Atlanta & Georgia Chapter Offers Membership For a Contractors in the Nationwide Network of Over 2,500 strong. Learn More and Join Today!","og_url":"https:\/\/iecatlantaga.org\/es\/contratistas\/","og_site_name":"IEC Atlanta &amp; Georgia Chapters","article_publisher":"https:\/\/www.facebook.com\/IEC.Atlanta.Georgia\/","article_modified_time":"2025-07-03T16:34:27+00:00","twitter_card":"summary_large_image","twitter_site":"@atl_ga_electric","twitter_misc":{"Tiempo de lectura":"2 minutos"},"schema":{"@context":"https:\/\/schema.org","@graph":[{"@type":"WebPage","@id":"https:\/\/iecatlantaga.org\/contractors\/","url":"https:\/\/iecatlantaga.org\/contractors\/","name":"Contractor Advocacy Programs | IEC Atlanta &amp; Georgia Chapters","isPartOf":{"@id":"https:\/\/iecatlantaga.org\/#website"},"datePublished":"2018-08-22T15:04:02+00:00","dateModified":"2025-07-03T16:34:27+00:00","description":"El IEC Atlanta &amp; Georgia Chapter ofrece membres\u00eda para contratistas en la red nacional de m\u00e1s de 2.500 fuertes. Obtenga m\u00e1s informaci\u00f3n y \u00fanase hoy mismo.","breadcrumb":{"@id":"https:\/\/iecatlantaga.org\/contractors\/#breadcrumb"},"inLanguage":"es","potentialAction":[{"@type":"ReadAction","target":["https:\/\/iecatlantaga.org\/contractors\/"]}]},{"@type":"BreadcrumbList","@id":"https:\/\/iecatlantaga.org\/contractors\/#breadcrumb","itemListElement":[{"@type":"ListItem","position":1,"name":"Home","item":"https:\/\/iecatlantaga.org\/"},{"@type":"ListItem","position":2,"name":"Contractors"}]},{"@type":"WebSite","@id":"https:\/\/iecatlantaga.org\/#website","url":"https:\/\/iecatlantaga.org\/","name":"IEC Atlanta &amp; Georgia Chapters","description":"Conexiones de alimentaci\u00f3n","publisher":{"@id":"https:\/\/iecatlantaga.org\/#organization"},"potentialAction":[{"@type":"SearchAction","target":{"@type":"EntryPoint","urlTemplate":"https:\/\/iecatlantaga.org\/?s={search_term_string}"},"query-input":{"@type":"PropertyValueSpecification","valueRequired":true,"valueName":"search_term_string"}}],"inLanguage":"es"},{"@type":"Organization","@id":"https:\/\/iecatlantaga.org\/#organization","name":"Contratistas El\u00e9ctricos Independientes - Secciones de Atlanta y Georgia","url":"https:\/\/iecatlantaga.org\/","logo":{"@type":"ImageObject","inLanguage":"es","@id":"https:\/\/iecatlantaga.org\/#\/schema\/logo\/image\/","url":"https:\/\/iecatlantaga.org\/wp-content\/uploads\/2019\/02\/IEC-Atlanta.png","contentUrl":"https:\/\/iecatlantaga.org\/wp-content\/uploads\/2019\/02\/IEC-Atlanta.png","width":871,"height":368,"caption":"Independent Electrical Contractors - Atlanta & Georgia Chapters"},"image":{"@id":"https:\/\/iecatlantaga.org\/#\/schema\/logo\/image\/"},"sameAs":["https:\/\/www.facebook.com\/IEC.Atlanta.Georgia\/","https:\/\/x.com\/atl_ga_electric","https:\/\/www.linkedin.com\/company\/atlanta-chapter-independent-electrical-contractors","https:\/\/www.instagram.com\/iecatlantaga2018\/"]}]}},"jetpack_sharing_enabled":true,"publishpress_future_action":{"enabled":false,"date":"2026-04-26 14:39:08","action":"change-status","newStatus":"draft","terms":[],"taxonomy":"","extraData":[]},"publishpress_future_workflow_manual_trigger":{"enabledWorkflows":[]},"builder_content":"<h1 style=\"text-align: center;\">Contractors<\/h1> <h3 style=\"text-align: center;\"><b>Our mission is to make IEC contractors more successful by providing services<br \/>to increase their bottom line <\/b><\/h3>\n<a href=\"#locations\" > APPLY NOW <\/a>\n<h1 style=\"text-align: center;\">Contractor\u00a0<br>Membership<\/h1> <p style=\"text-align: center;\"><a href=\"https:\/\/youtu.be\/zkWW56_tShs\" target=\"_blank\" rel=\"noopener\">CLICK HERE AND SEE <br>HOW IEC HAS HELPED MEMBERS<\/a><\/p>\n<p>Be a part of a nationwide network of over 2,500 electrical contractors and the power to get work performed no matter where the job is located.\u00a0 Expand your business potential with resources designed to support your organization's needs.\u00a0 IEC contractors are synonymous with quality work and skilled workers.\u00a0 When you are a part of the IEC, your represent the best the electrical industry offers.<\/p>\n<h1 style=\"text-align: center;\">ATLANTA<\/h1> <h3 style=\"text-align: center;\">19 COUNTIES<\/h3> <h4 style=\"text-align: center;\">Barrow, Butts, Carroll, Cherokee, Cobb, Coweta, Clayton, Dekalb, Douglas, Fayette, Forsyth, Fulton, Gwinnett, Henry, Newton, Paulding, Rockdale, Spalding, Walton<\/h4>\n<a href=\"https:\/\/iecatlantaga.org\/contractors\/atlanta\/\" > More Info\/ Apply Now <\/a>\n<h1 style=\"text-align: center;\">Rest of Georgia<\/h1>\n<a href=\"https:\/\/iecatlantaga.org\/contractors\/georgia\" > MORE INFO \/ APPLY NOW <\/a>","_links":{"self":[{"href":"https:\/\/iecatlantaga.org\/es\/wp-json\/wp\/v2\/pages\/59","targetHints":{"allow":["GET"]}}],"collection":[{"href":"https:\/\/iecatlantaga.org\/es\/wp-json\/wp\/v2\/pages"}],"about":[{"href":"https:\/\/iecatlantaga.org\/es\/wp-json\/wp\/v2\/types\/page"}],"author":[{"embeddable":true,"href":"https:\/\/iecatlantaga.org\/es\/wp-json\/wp\/v2\/users\/1"}],"replies":[{"embeddable":true,"href":"https:\/\/iecatlantaga.org\/es\/wp-json\/wp\/v2\/comments?post=59"}],"version-history":[{"count":13,"href":"https:\/\/iecatlantaga.org\/es\/wp-json\/wp\/v2\/pages\/59\/revisions"}],"predecessor-version":[{"id":13985,"href":"https:\/\/iecatlantaga.org\/es\/wp-json\/wp\/v2\/pages\/59\/revisions\/13985"}],"wp:attachment":[{"href":"https:\/\/iecatlantaga.org\/es\/wp-json\/wp\/v2\/media?parent=59"}],"curies":[{"name":"wp","href":"https:\/\/api.w.org\/{rel}","templated":true}]}}