{"id":67,"date":"2018-08-22T15:04:45","date_gmt":"2018-08-22T15:04:45","guid":{"rendered":"https:\/\/iecatlantaga.org\/training-copy\/"},"modified":"2026-02-02T20:39:38","modified_gmt":"2026-02-02T20:39:38","slug":"socios","status":"publish","type":"page","link":"https:\/\/iecatlantaga.org\/es\/partners\/","title":{"rendered":"Socios"},"content":{"rendered":"<!--themify_builder_content-->\n<div id=\"themify_builder_content-67\" data-postid=\"67\" class=\"themify_builder_content themify_builder_content-67 themify_builder tf_clear\">\n                    <div  data-css_id=\"f1334fe\" data-lazy=\"1\" class=\"module_row themify_builder_row main-banner fullwidth tb_f1334fe tb_first tf_w\">\n            <span  class=\"builder_row_cover tf_abs\" data-lazy=\"1\"><\/span>            <div class=\"row_inner col_align_top tb_col_count_1 tf_box tf_rel\">\n                        <div  data-lazy=\"1\" class=\"module_column tb-column col-full tb_1099dc8 first\">\n                    <!-- module text -->\n<div  class=\"module module-text tb_81e0000\" data-lazy=\"1\">\n        <div  class=\"tb_text_wrap\">\n        <h1 style=\"\\\"text-align:\" center;\\\">Socios<\/h1>    <\/div>\n<\/div>\n<!-- \/module text --><!-- module buttons -->\n<div  class=\"module module-buttons tb_5007736 buttons-horizontal solid  large squared\" data-lazy=\"1\">\n        <div class=\"module-buttons-item tf_in_flx\">\n                        <a href=\"#locations\" class=\"ui builder_button tf_in_flx black\" >\n                                                Solicitar ahora                                        <\/a>\n                <\/div>\n            <\/div>\n<!-- \/module buttons -->\n        <\/div>\n                        <\/div>\n        <\/div>\n                        <div  data-css_id=\"b8839be\" data-lazy=\"1\" class=\"module_row themify_builder_row fullwidth_row_container tb_b8839be tf_w\">\n                        <div class=\"row_inner col_align_top tb_col_count_2 tf_box tf_rel\">\n                        <div  data-lazy=\"1\" class=\"module_column tb-column col3-1 tb_a80eb96 first\">\n                    <!-- module text -->\n<div  class=\"module module-text tb_02b339b\" data-lazy=\"1\">\n        <div  class=\"tb_text_wrap\">\n        <h1 style=\"text-align: right;\">PROGRAMA DE SOCIOS<\/h1>    <\/div>\n<\/div>\n<!-- \/module text -->        <\/div>\n                    <div  data-lazy=\"1\" class=\"module_column tb-column col3-2 tb_0708349 last\">\n                    <!-- module text -->\n<div  class=\"module module-text tb_d69fa06\" data-lazy=\"1\">\n        <div  class=\"tb_text_wrap\">\n        <p class=\"\\&quot;Normal\\&quot;\">Cualquier empresa que venda un bien o servicio a uno de nuestros miembros contratistas puede convertirse en Miembro Asociado de nuestra asociaci\u00f3n.  Desde proveedores y fabricantes hasta abogados y compa\u00f1\u00edas de seguros se unen a nuestra asociaci\u00f3n para comercializar sus productos y servicios a la \u00e9lite del sector de la construcci\u00f3n el\u00e9ctrica.  Con un poder adquisitivo en todo el estado de casi $1 Billones, IEC proporciona un punto de acceso \u00fanico a casi 200 contratistas en todo Georgia.<\/p>\n<p class=\"\\&quot;Normal\\&quot;\">Atlanta &amp; Georgia ofrecen numerosas oportunidades para establecer contactos a trav\u00e9s de almuerzos mensuales y eventos deportivos como golf, pesca y tiro al plato.  La feria comercial anual re\u00fane a m\u00e1s de 700 asistentes de todo el estado e incluye espacio para 50 stands.<\/p>    <\/div>\n<\/div>\n<!-- \/module text -->        <\/div>\n                        <\/div>\n        <\/div>\n                        <div  data-anchor=\"locations\" data-css_id=\"d037f57\" data-lazy=\"1\" class=\"module_row themify_builder_row fullwidth tb_has_section tb_section-locations tb_d037f57 tf_w\">\n                        <div class=\"row_inner col_align_middle gutter-none tb_col_count_2 tf_box tf_rel\">\n                        <div  data-lazy=\"1\" class=\"module_column tb-column tb_09f9816 first\">\n        <span  class=\"builder_row_cover tf_abs\" data-lazy=\"1\"><\/span>            <!-- module text -->\n<div  class=\"module module-text tb_07603fe\" data-lazy=\"1\">\n        <div  class=\"tb_text_wrap\">\n        <h1 style=\"text-align: center;\">ATLANTA<\/h1>\n<h3 style=\"text-align: center;\">19 CONDADOS<\/h3>\n<h4 style=\"text-align: center;\">Barrow, Butts, Carroll, Cherokee, Cobb, Coweta, Clayton, Dekalb, Douglas, Fayette, Forsyth, Fulton, Gwinnett, Henry, Newton, Paulding, Rockdale, Spalding, Walton<\/h4>    <\/div>\n<\/div>\n<!-- \/module text --><!-- module buttons -->\n<div  class=\"module module-buttons tb_3ksg157 buttons-horizontal solid  large squared\" data-lazy=\"1\">\n        <div class=\"module-buttons-item tf_in_flx\">\n                        <a href=\"https:\/\/iecatlantaga.org\/es\/socios\/atlanta\/\" class=\"ui builder_button tf_in_flx black\" >\n                                                Solicitar ahora                                        <\/a>\n                <\/div>\n            <\/div>\n<!-- \/module buttons -->\n        <\/div>\n                    <div  data-lazy=\"1\" class=\"module_column tb-column tb_72d419b last\">\n        <span  class=\"builder_row_cover tf_abs\" data-lazy=\"1\"><\/span>            <!-- module text -->\n<div  class=\"module module-text tb_43f1cc3\" data-lazy=\"1\">\n        <div  class=\"tb_text_wrap\">\n        <h1 style=\"text-align: center;\">Resto de Georgia<\/h1>    <\/div>\n<\/div>\n<!-- \/module text --><!-- module buttons -->\n<div  class=\"module module-buttons tb_ef0561c buttons-horizontal solid  large squared\" data-lazy=\"1\">\n        <div class=\"module-buttons-item tf_in_flx\">\n                        <a href=\"https:\/\/iecatlantaga.org\/es\/socios\/georgia\/\" class=\"ui builder_button tf_in_flx black\" >\n                                                SOLICITAR AHORA                                        <\/a>\n                <\/div>\n            <\/div>\n<!-- \/module buttons -->\n        <\/div>\n                        <\/div>\n        <\/div>\n        <\/div>\n<!--\/themify_builder_content-->","protected":false},"excerpt":{"rendered":"<p>Socios<\/p>","protected":false},"author":1,"featured_media":0,"parent":0,"menu_order":0,"comment_status":"closed","ping_status":"closed","template":"","meta":{"footnotes":""},"class_list":["post-67","page","type-page","status-publish","hentry","has-post-title","has-post-date","has-post-category","has-post-tag","has-post-comment","has-post-author",""],"yoast_head":"<!-- This site is optimized with the Yoast SEO plugin v27.2 - https:\/\/yoast.com\/product\/yoast-seo-wordpress\/ -->\n<title>Become a Partner | IEC Atlanta &amp; Georgia Chapters<\/title>\n<meta name=\"description\" content=\"The IEC Atlanta &amp; Georgia Chapter Offers a Partner Program for Any Company Selling a Good or Service to one of Our Contractor Members. Become a Partner Now!\" \/>\n<meta name=\"robots\" content=\"index, follow, max-snippet:-1, max-image-preview:large, max-video-preview:-1\" \/>\n<link rel=\"canonical\" href=\"https:\/\/iecatlantaga.org\/es\/socios\/\" \/>\n<meta property=\"og:locale\" content=\"es_ES\" \/>\n<meta property=\"og:type\" content=\"article\" \/>\n<meta property=\"og:title\" content=\"Become a Partner | IEC Atlanta &amp; Georgia Chapters\" \/>\n<meta property=\"og:description\" content=\"The IEC Atlanta &amp; Georgia Chapter Offers a Partner Program for Any Company Selling a Good or Service to one of Our Contractor Members. Become a Partner Now!\" \/>\n<meta property=\"og:url\" content=\"https:\/\/iecatlantaga.org\/es\/socios\/\" \/>\n<meta property=\"og:site_name\" content=\"IEC Atlanta &amp; Georgia Chapters\" \/>\n<meta property=\"article:publisher\" content=\"https:\/\/www.facebook.com\/IEC.Atlanta.Georgia\/\" \/>\n<meta property=\"article:modified_time\" content=\"2026-02-02T20:39:38+00:00\" \/>\n<meta name=\"twitter:card\" content=\"summary_large_image\" \/>\n<meta name=\"twitter:site\" content=\"@atl_ga_electric\" \/>\n<meta name=\"twitter:label1\" content=\"Tiempo de lectura\" \/>\n\t<meta name=\"twitter:data1\" content=\"1 minuto\" \/>\n<script type=\"application\/ld+json\" class=\"yoast-schema-graph\">{\"@context\":\"https:\/\/schema.org\",\"@graph\":[{\"@type\":\"WebPage\",\"@id\":\"https:\/\/iecatlantaga.org\/partners\/\",\"url\":\"https:\/\/iecatlantaga.org\/partners\/\",\"name\":\"Become a Partner | IEC Atlanta & Georgia Chapters\",\"isPartOf\":{\"@id\":\"https:\/\/iecatlantaga.org\/#website\"},\"datePublished\":\"2018-08-22T15:04:45+00:00\",\"dateModified\":\"2026-02-02T20:39:38+00:00\",\"description\":\"The IEC Atlanta & Georgia Chapter Offers a Partner Program for Any Company Selling a Good or Service to one of Our Contractor Members. Become a Partner Now!\",\"breadcrumb\":{\"@id\":\"https:\/\/iecatlantaga.org\/partners\/#breadcrumb\"},\"inLanguage\":\"es\",\"potentialAction\":[{\"@type\":\"ReadAction\",\"target\":[\"https:\/\/iecatlantaga.org\/partners\/\"]}]},{\"@type\":\"BreadcrumbList\",\"@id\":\"https:\/\/iecatlantaga.org\/partners\/#breadcrumb\",\"itemListElement\":[{\"@type\":\"ListItem\",\"position\":1,\"name\":\"Home\",\"item\":\"https:\/\/iecatlantaga.org\/\"},{\"@type\":\"ListItem\",\"position\":2,\"name\":\"Partners\"}]},{\"@type\":\"WebSite\",\"@id\":\"https:\/\/iecatlantaga.org\/#website\",\"url\":\"https:\/\/iecatlantaga.org\/\",\"name\":\"IEC Atlanta &amp; Georgia Chapters\",\"description\":\"Powering Connections\",\"publisher\":{\"@id\":\"https:\/\/iecatlantaga.org\/#organization\"},\"potentialAction\":[{\"@type\":\"SearchAction\",\"target\":{\"@type\":\"EntryPoint\",\"urlTemplate\":\"https:\/\/iecatlantaga.org\/?s={search_term_string}\"},\"query-input\":{\"@type\":\"PropertyValueSpecification\",\"valueRequired\":true,\"valueName\":\"search_term_string\"}}],\"inLanguage\":\"es\"},{\"@type\":\"Organization\",\"@id\":\"https:\/\/iecatlantaga.org\/#organization\",\"name\":\"Independent Electrical Contractors - Atlanta & Georgia Chapters\",\"url\":\"https:\/\/iecatlantaga.org\/\",\"logo\":{\"@type\":\"ImageObject\",\"inLanguage\":\"es\",\"@id\":\"https:\/\/iecatlantaga.org\/#\/schema\/logo\/image\/\",\"url\":\"https:\/\/iecatlantaga.org\/wp-content\/uploads\/2019\/02\/IEC-Atlanta.png\",\"contentUrl\":\"https:\/\/iecatlantaga.org\/wp-content\/uploads\/2019\/02\/IEC-Atlanta.png\",\"width\":871,\"height\":368,\"caption\":\"Independent Electrical Contractors - Atlanta & Georgia Chapters\"},\"image\":{\"@id\":\"https:\/\/iecatlantaga.org\/#\/schema\/logo\/image\/\"},\"sameAs\":[\"https:\/\/www.facebook.com\/IEC.Atlanta.Georgia\/\",\"https:\/\/x.com\/atl_ga_electric\",\"https:\/\/www.linkedin.com\/company\/atlanta-chapter-independent-electrical-contractors\",\"https:\/\/www.instagram.com\/iecatlantaga2018\/\"]}]}<\/script>\n<!-- \/ Yoast SEO plugin. -->","yoast_head_json":{"title":"H\u00e1gase socio | IEC Atlanta &amp; Georgia Chapters","description":"El IEC Atlanta &amp; Georgia Chapter ofrece un programa de socios para cualquier empresa que venda un producto o servicio a uno de nuestros miembros contratistas. \u00a1H\u00e1gase socio ahora!","robots":{"index":"index","follow":"follow","max-snippet":"max-snippet:-1","max-image-preview":"max-image-preview:large","max-video-preview":"max-video-preview:-1"},"canonical":"https:\/\/iecatlantaga.org\/es\/socios\/","og_locale":"es_ES","og_type":"article","og_title":"Become a Partner | IEC Atlanta & Georgia Chapters","og_description":"The IEC Atlanta & Georgia Chapter Offers a Partner Program for Any Company Selling a Good or Service to one of Our Contractor Members. Become a Partner Now!","og_url":"https:\/\/iecatlantaga.org\/es\/socios\/","og_site_name":"IEC Atlanta &amp; Georgia Chapters","article_publisher":"https:\/\/www.facebook.com\/IEC.Atlanta.Georgia\/","article_modified_time":"2026-02-02T20:39:38+00:00","twitter_card":"summary_large_image","twitter_site":"@atl_ga_electric","twitter_misc":{"Tiempo de lectura":"1 minuto"},"schema":{"@context":"https:\/\/schema.org","@graph":[{"@type":"WebPage","@id":"https:\/\/iecatlantaga.org\/partners\/","url":"https:\/\/iecatlantaga.org\/partners\/","name":"H\u00e1gase socio | IEC Atlanta &amp; Georgia Chapters","isPartOf":{"@id":"https:\/\/iecatlantaga.org\/#website"},"datePublished":"2018-08-22T15:04:45+00:00","dateModified":"2026-02-02T20:39:38+00:00","description":"El IEC Atlanta &amp; Georgia Chapter ofrece un programa de socios para cualquier empresa que venda un producto o servicio a uno de nuestros miembros contratistas. \u00a1H\u00e1gase socio ahora!","breadcrumb":{"@id":"https:\/\/iecatlantaga.org\/partners\/#breadcrumb"},"inLanguage":"es","potentialAction":[{"@type":"ReadAction","target":["https:\/\/iecatlantaga.org\/partners\/"]}]},{"@type":"BreadcrumbList","@id":"https:\/\/iecatlantaga.org\/partners\/#breadcrumb","itemListElement":[{"@type":"ListItem","position":1,"name":"Home","item":"https:\/\/iecatlantaga.org\/"},{"@type":"ListItem","position":2,"name":"Partners"}]},{"@type":"WebSite","@id":"https:\/\/iecatlantaga.org\/#website","url":"https:\/\/iecatlantaga.org\/","name":"IEC Atlanta &amp; Georgia Chapters","description":"Conexiones de alimentaci\u00f3n","publisher":{"@id":"https:\/\/iecatlantaga.org\/#organization"},"potentialAction":[{"@type":"SearchAction","target":{"@type":"EntryPoint","urlTemplate":"https:\/\/iecatlantaga.org\/?s={search_term_string}"},"query-input":{"@type":"PropertyValueSpecification","valueRequired":true,"valueName":"search_term_string"}}],"inLanguage":"es"},{"@type":"Organization","@id":"https:\/\/iecatlantaga.org\/#organization","name":"Contratistas El\u00e9ctricos Independientes - Secciones de Atlanta y Georgia","url":"https:\/\/iecatlantaga.org\/","logo":{"@type":"ImageObject","inLanguage":"es","@id":"https:\/\/iecatlantaga.org\/#\/schema\/logo\/image\/","url":"https:\/\/iecatlantaga.org\/wp-content\/uploads\/2019\/02\/IEC-Atlanta.png","contentUrl":"https:\/\/iecatlantaga.org\/wp-content\/uploads\/2019\/02\/IEC-Atlanta.png","width":871,"height":368,"caption":"Independent Electrical Contractors - Atlanta & Georgia Chapters"},"image":{"@id":"https:\/\/iecatlantaga.org\/#\/schema\/logo\/image\/"},"sameAs":["https:\/\/www.facebook.com\/IEC.Atlanta.Georgia\/","https:\/\/x.com\/atl_ga_electric","https:\/\/www.linkedin.com\/company\/atlanta-chapter-independent-electrical-contractors","https:\/\/www.instagram.com\/iecatlantaga2018\/"]}]}},"jetpack_sharing_enabled":true,"publishpress_future_action":{"enabled":false,"date":"2026-04-26 16:05:38","action":"change-status","newStatus":"draft","terms":[],"taxonomy":"","extraData":[]},"publishpress_future_workflow_manual_trigger":{"enabledWorkflows":[]},"builder_content":"<h1 style=\\\"text-align: center;\\\">Partners<\/h1>\n<a href=\"#locations\" > Apply Now <\/a>\n<h1 style=\"text-align: right;\">PARTNER PROGRAM<\/h1>\n<p>Any company who sells a good or service to one of our contractor members may become a Partner Member of our association.\u00a0 From suppliers and manufacturers to attorneys and insurance companies join our association to market their products and services to the elite of the electrical construction industry.\u00a0 With a statewide buying power of nearly $1 Billion, IEC provides a one-stop access point to nearly 200 contractors throughout Georgia.<\/p> <p>Atlanta &amp; Georgia provide numerous networking opportunities through monthly luncheons and sporting events such as golf, fishing and clay shoots.\u00a0 The annual trade show brings in over 700 attendees from across the state and includes space for 50 booths.<\/p>\n<h1 style=\"text-align: center;\">ATLANTA<\/h1> <h3 style=\"text-align: center;\">19 COUNTIES<\/h3> <h4 style=\"text-align: center;\">Barrow, Butts, Carroll, Cherokee, Cobb, Coweta, Clayton, Dekalb, Douglas, Fayette, Forsyth, Fulton, Gwinnett, Henry, Newton, Paulding, Rockdale, Spalding, Walton<\/h4>\n<a href=\"https:\/\/iecatlantaga.org\/partners\/atlanta\/\" > Apply Now <\/a>\n<h1 style=\"text-align: center;\">Rest of Georgia<\/h1>\n<a href=\"https:\/\/iecatlantaga.org\/partners\/georgia\" > APPLY NOW <\/a>","_links":{"self":[{"href":"https:\/\/iecatlantaga.org\/es\/wp-json\/wp\/v2\/pages\/67","targetHints":{"allow":["GET"]}}],"collection":[{"href":"https:\/\/iecatlantaga.org\/es\/wp-json\/wp\/v2\/pages"}],"about":[{"href":"https:\/\/iecatlantaga.org\/es\/wp-json\/wp\/v2\/types\/page"}],"author":[{"embeddable":true,"href":"https:\/\/iecatlantaga.org\/es\/wp-json\/wp\/v2\/users\/1"}],"replies":[{"embeddable":true,"href":"https:\/\/iecatlantaga.org\/es\/wp-json\/wp\/v2\/comments?post=67"}],"version-history":[{"count":13,"href":"https:\/\/iecatlantaga.org\/es\/wp-json\/wp\/v2\/pages\/67\/revisions"}],"predecessor-version":[{"id":15542,"href":"https:\/\/iecatlantaga.org\/es\/wp-json\/wp\/v2\/pages\/67\/revisions\/15542"}],"wp:attachment":[{"href":"https:\/\/iecatlantaga.org\/es\/wp-json\/wp\/v2\/media?parent=67"}],"curies":[{"name":"wp","href":"https:\/\/api.w.org\/{rel}","templated":true}]}}